{"id":68144,"date":"2023-10-22T22:11:04","date_gmt":"2023-10-22T20:11:04","guid":{"rendered":"https:\/\/dualtron-store.com\/?post_type=product&#038;p=68144"},"modified":"2025-10-31T09:37:34","modified_gmt":"2025-10-31T08:37:34","slug":"bras-avant-blade-x","status":"publish","type":"product","link":"https:\/\/dualtron-store.com\/index.php\/produit\/bras-avant-blade-x\/","title":{"rendered":"Bras avant Blade X"},"content":{"rendered":"","protected":false},"excerpt":{"rendered":"<p><strong>Le bras avant Blade X<\/strong> est une pi\u00e8ce de rechange de haute qualit\u00e9 con\u00e7ue sp\u00e9cifiquement pour la trottinette \u00e9lectrique Blade X. Fabriqu\u00e9 avec des mat\u00e9riaux durables, ce bras avant garantit une r\u00e9sistance et une stabilit\u00e9 optimales pour une conduite en toute s\u00e9curit\u00e9.<\/p>\n","protected":false},"featured_media":68145,"comment_status":"open","ping_status":"closed","template":"","meta":{"om_disable_all_campaigns":false,"_mi_skip_tracking":false,"_monsterinsights_sitenote_active":false,"_monsterinsights_sitenote_note":"","_monsterinsights_sitenote_category":0},"product_cat":[18],"product_tag":[],"aioseo_notices":[],"_links":{"self":[{"href":"https:\/\/dualtron-store.com\/index.php\/wp-json\/wp\/v2\/product\/68144"}],"collection":[{"href":"https:\/\/dualtron-store.com\/index.php\/wp-json\/wp\/v2\/product"}],"about":[{"href":"https:\/\/dualtron-store.com\/index.php\/wp-json\/wp\/v2\/types\/product"}],"replies":[{"embeddable":true,"href":"https:\/\/dualtron-store.com\/index.php\/wp-json\/wp\/v2\/comments?post=68144"}],"wp:featuredmedia":[{"embeddable":true,"href":"https:\/\/dualtron-store.com\/index.php\/wp-json\/wp\/v2\/media\/68145"}],"wp:attachment":[{"href":"https:\/\/dualtron-store.com\/index.php\/wp-json\/wp\/v2\/media?parent=68144"}],"wp:term":[{"taxonomy":"product_cat","embeddable":true,"href":"https:\/\/dualtron-store.com\/index.php\/wp-json\/wp\/v2\/product_cat?post=68144"},{"taxonomy":"product_tag","embeddable":true,"href":"https:\/\/dualtron-store.com\/index.php\/wp-json\/wp\/v2\/product_tag?post=68144"}],"curies":[{"name":"wp","href":"https:\/\/api.w.org\/{rel}","templated":true}]}}