{"id":68142,"date":"2023-10-22T22:08:44","date_gmt":"2023-10-22T20:08:44","guid":{"rendered":"https:\/\/dualtron-store.com\/?post_type=product&#038;p=68142"},"modified":"2025-05-25T16:49:54","modified_gmt":"2025-05-25T14:49:54","slug":"grip-rovoron-kullter","status":"publish","type":"product","link":"https:\/\/dualtron-store.com\/index.php\/produit\/grip-rovoron-kullter\/","title":{"rendered":"Grip Rovoron Kullter"},"content":{"rendered":"","protected":false},"excerpt":{"rendered":"<p><strong>Le grip Rovoron Kullter<\/strong> est un accessoire de haute qualit\u00e9 con\u00e7u pour am\u00e9liorer la prise en main de votre trottinette \u00e9lectrique. Fabriqu\u00e9 avec un mat\u00e9riau antid\u00e9rapant durable, ce grip assure une adh\u00e9rence optimale, vous permettant de garder le contr\u00f4le en toute circonstance, m\u00eame par temps humide.<\/p>\n","protected":false},"featured_media":68143,"comment_status":"open","ping_status":"closed","template":"","meta":{"om_disable_all_campaigns":false,"_mi_skip_tracking":false,"_monsterinsights_sitenote_active":false,"_monsterinsights_sitenote_note":"","_monsterinsights_sitenote_category":0},"product_cat":[619,620,18],"product_tag":[],"aioseo_notices":[],"_links":{"self":[{"href":"https:\/\/dualtron-store.com\/index.php\/wp-json\/wp\/v2\/product\/68142"}],"collection":[{"href":"https:\/\/dualtron-store.com\/index.php\/wp-json\/wp\/v2\/product"}],"about":[{"href":"https:\/\/dualtron-store.com\/index.php\/wp-json\/wp\/v2\/types\/product"}],"replies":[{"embeddable":true,"href":"https:\/\/dualtron-store.com\/index.php\/wp-json\/wp\/v2\/comments?post=68142"}],"wp:featuredmedia":[{"embeddable":true,"href":"https:\/\/dualtron-store.com\/index.php\/wp-json\/wp\/v2\/media\/68143"}],"wp:attachment":[{"href":"https:\/\/dualtron-store.com\/index.php\/wp-json\/wp\/v2\/media?parent=68142"}],"wp:term":[{"taxonomy":"product_cat","embeddable":true,"href":"https:\/\/dualtron-store.com\/index.php\/wp-json\/wp\/v2\/product_cat?post=68142"},{"taxonomy":"product_tag","embeddable":true,"href":"https:\/\/dualtron-store.com\/index.php\/wp-json\/wp\/v2\/product_tag?post=68142"}],"curies":[{"name":"wp","href":"https:\/\/api.w.org\/{rel}","templated":true}]}}