{"id":68138,"date":"2023-10-22T22:02:10","date_gmt":"2023-10-22T20:02:10","guid":{"rendered":"https:\/\/dualtron-store.com\/?post_type=product&#038;p=68138"},"modified":"2026-01-14T13:58:57","modified_gmt":"2026-01-14T12:58:57","slug":"guidon-teverun-fighter","status":"publish","type":"product","link":"https:\/\/dualtron-store.com\/index.php\/produit\/guidon-teverun-fighter\/","title":{"rendered":"Guidon Teverun Fighter"},"content":{"rendered":"","protected":false},"excerpt":{"rendered":"<p>Le guidon Teverun Fighter est l&#8217;accessoire id\u00e9al pour personnaliser votre trottinette \u00e9lectrique. Con\u00e7u avec style et ergonomie \u00e0 l&#8217;esprit, il offre une prise en main confortable tout en ajoutant une touche d&#8217;\u00e9l\u00e9gance \u00e0 votre trottinette.<\/p>\n","protected":false},"featured_media":68139,"comment_status":"open","ping_status":"closed","template":"","meta":{"om_disable_all_campaigns":false,"_mi_skip_tracking":false,"_monsterinsights_sitenote_active":false,"_monsterinsights_sitenote_note":"","_monsterinsights_sitenote_category":0},"product_cat":[580,18],"product_tag":[],"aioseo_notices":[],"_links":{"self":[{"href":"https:\/\/dualtron-store.com\/index.php\/wp-json\/wp\/v2\/product\/68138"}],"collection":[{"href":"https:\/\/dualtron-store.com\/index.php\/wp-json\/wp\/v2\/product"}],"about":[{"href":"https:\/\/dualtron-store.com\/index.php\/wp-json\/wp\/v2\/types\/product"}],"replies":[{"embeddable":true,"href":"https:\/\/dualtron-store.com\/index.php\/wp-json\/wp\/v2\/comments?post=68138"}],"wp:featuredmedia":[{"embeddable":true,"href":"https:\/\/dualtron-store.com\/index.php\/wp-json\/wp\/v2\/media\/68139"}],"wp:attachment":[{"href":"https:\/\/dualtron-store.com\/index.php\/wp-json\/wp\/v2\/media?parent=68138"}],"wp:term":[{"taxonomy":"product_cat","embeddable":true,"href":"https:\/\/dualtron-store.com\/index.php\/wp-json\/wp\/v2\/product_cat?post=68138"},{"taxonomy":"product_tag","embeddable":true,"href":"https:\/\/dualtron-store.com\/index.php\/wp-json\/wp\/v2\/product_tag?post=68138"}],"curies":[{"name":"wp","href":"https:\/\/api.w.org\/{rel}","templated":true}]}}