{"id":68136,"date":"2023-10-22T21:59:35","date_gmt":"2023-10-22T19:59:35","guid":{"rendered":"https:\/\/dualtron-store.com\/?post_type=product&#038;p=68136"},"modified":"2023-12-13T14:54:31","modified_gmt":"2023-12-13T13:54:31","slug":"phare-avant-teverun-fighter","status":"publish","type":"product","link":"https:\/\/dualtron-store.com\/index.php\/produit\/phare-avant-teverun-fighter\/","title":{"rendered":"Phare avant Teverun Fighter"},"content":{"rendered":"","protected":false},"excerpt":{"rendered":"<p>Avec une conception robuste et un \u00e9clairage puissant, ce phare avant assure une visibilit\u00e9 optimale lors de vos trajets, am\u00e9liorant ainsi votre s\u00e9curit\u00e9 sur la route. Il est sp\u00e9cialement con\u00e7u pour s&#8217;adapter parfaitement au mod\u00e8le Fighter, offrant une installation facile et fiable.<\/p>\n","protected":false},"featured_media":68137,"comment_status":"open","ping_status":"closed","template":"","meta":{"om_disable_all_campaigns":false,"_mi_skip_tracking":false,"_monsterinsights_sitenote_active":false,"_monsterinsights_sitenote_note":"","_monsterinsights_sitenote_category":0},"product_cat":[580,18],"product_tag":[],"aioseo_notices":[],"_links":{"self":[{"href":"https:\/\/dualtron-store.com\/index.php\/wp-json\/wp\/v2\/product\/68136"}],"collection":[{"href":"https:\/\/dualtron-store.com\/index.php\/wp-json\/wp\/v2\/product"}],"about":[{"href":"https:\/\/dualtron-store.com\/index.php\/wp-json\/wp\/v2\/types\/product"}],"replies":[{"embeddable":true,"href":"https:\/\/dualtron-store.com\/index.php\/wp-json\/wp\/v2\/comments?post=68136"}],"wp:featuredmedia":[{"embeddable":true,"href":"https:\/\/dualtron-store.com\/index.php\/wp-json\/wp\/v2\/media\/68137"}],"wp:attachment":[{"href":"https:\/\/dualtron-store.com\/index.php\/wp-json\/wp\/v2\/media?parent=68136"}],"wp:term":[{"taxonomy":"product_cat","embeddable":true,"href":"https:\/\/dualtron-store.com\/index.php\/wp-json\/wp\/v2\/product_cat?post=68136"},{"taxonomy":"product_tag","embeddable":true,"href":"https:\/\/dualtron-store.com\/index.php\/wp-json\/wp\/v2\/product_tag?post=68136"}],"curies":[{"name":"wp","href":"https:\/\/api.w.org\/{rel}","templated":true}]}}