{"id":68133,"date":"2023-10-22T21:56:59","date_gmt":"2023-10-22T19:56:59","guid":{"rendered":"https:\/\/dualtron-store.com\/?post_type=product&#038;p=68133"},"modified":"2024-06-02T17:47:02","modified_gmt":"2024-06-02T15:47:02","slug":"bequille-teverun-fighter-ten-eleven","status":"publish","type":"product","link":"https:\/\/dualtron-store.com\/index.php\/produit\/bequille-teverun-fighter-ten-eleven\/","title":{"rendered":"B\u00e9quille Teverun Fighter Ten \/ Eleven"},"content":{"rendered":"","protected":false},"excerpt":{"rendered":"<p><strong>La b\u00e9quille Teverun Fighter Ten \/ Eleven<\/strong> est un accessoire pratique con\u00e7u sp\u00e9cialement pour les trottinettes \u00e9lectriques Fighter Ten et Eleven. Cette b\u00e9quille robuste vous permet de stationner votre trottinette en toute stabilit\u00e9, facilitant ainsi le stationnement et la maintenance de votre v\u00e9hicule.<\/p>\n","protected":false},"featured_media":68134,"comment_status":"open","ping_status":"closed","template":"","meta":{"om_disable_all_campaigns":false,"_mi_skip_tracking":false,"_monsterinsights_sitenote_active":false,"_monsterinsights_sitenote_note":"","_monsterinsights_sitenote_category":0},"product_cat":[580,18],"product_tag":[],"aioseo_notices":[],"_links":{"self":[{"href":"https:\/\/dualtron-store.com\/index.php\/wp-json\/wp\/v2\/product\/68133"}],"collection":[{"href":"https:\/\/dualtron-store.com\/index.php\/wp-json\/wp\/v2\/product"}],"about":[{"href":"https:\/\/dualtron-store.com\/index.php\/wp-json\/wp\/v2\/types\/product"}],"replies":[{"embeddable":true,"href":"https:\/\/dualtron-store.com\/index.php\/wp-json\/wp\/v2\/comments?post=68133"}],"wp:featuredmedia":[{"embeddable":true,"href":"https:\/\/dualtron-store.com\/index.php\/wp-json\/wp\/v2\/media\/68134"}],"wp:attachment":[{"href":"https:\/\/dualtron-store.com\/index.php\/wp-json\/wp\/v2\/media?parent=68133"}],"wp:term":[{"taxonomy":"product_cat","embeddable":true,"href":"https:\/\/dualtron-store.com\/index.php\/wp-json\/wp\/v2\/product_cat?post=68133"},{"taxonomy":"product_tag","embeddable":true,"href":"https:\/\/dualtron-store.com\/index.php\/wp-json\/wp\/v2\/product_tag?post=68133"}],"curies":[{"name":"wp","href":"https:\/\/api.w.org\/{rel}","templated":true}]}}