{"id":68126,"date":"2023-10-22T21:49:36","date_gmt":"2023-10-22T19:49:36","guid":{"rendered":"https:\/\/dualtron-store.com\/?post_type=product&#038;p=68126"},"modified":"2024-08-04T11:25:45","modified_gmt":"2024-08-04T09:25:45","slug":"cache-lateral-teverun-fighter-ten-eleven-avant-doit-ou-arriere-gauche","status":"publish","type":"product","link":"https:\/\/dualtron-store.com\/index.php\/produit\/cache-lateral-teverun-fighter-ten-eleven-avant-doit-ou-arriere-gauche\/","title":{"rendered":"Cache lat\u00e9ral Teverun Fighter Ten \/ Eleven avant doit ou arri\u00e8re gauche"},"content":{"rendered":"","protected":false},"excerpt":{"rendered":"<p><strong>Le cache lat\u00e9ral Teverun Fighter Ten \/ Eleven<\/strong> est un composant de rechange essentiel con\u00e7u pour les trottinettes \u00e9lectriques Fighter Ten et Eleven. Disponible pour l&#8217;avant droit ou l&#8217;arri\u00e8re gauche, ce cache lat\u00e9ral offre une protection et une finition \u00e9l\u00e9gante \u00e0 votre trottinette.<\/p>\n","protected":false},"featured_media":68127,"comment_status":"open","ping_status":"closed","template":"","meta":{"om_disable_all_campaigns":false,"_mi_skip_tracking":false,"_monsterinsights_sitenote_active":false,"_monsterinsights_sitenote_note":"","_monsterinsights_sitenote_category":0},"product_cat":[580,18],"product_tag":[],"aioseo_notices":[],"_links":{"self":[{"href":"https:\/\/dualtron-store.com\/index.php\/wp-json\/wp\/v2\/product\/68126"}],"collection":[{"href":"https:\/\/dualtron-store.com\/index.php\/wp-json\/wp\/v2\/product"}],"about":[{"href":"https:\/\/dualtron-store.com\/index.php\/wp-json\/wp\/v2\/types\/product"}],"replies":[{"embeddable":true,"href":"https:\/\/dualtron-store.com\/index.php\/wp-json\/wp\/v2\/comments?post=68126"}],"wp:featuredmedia":[{"embeddable":true,"href":"https:\/\/dualtron-store.com\/index.php\/wp-json\/wp\/v2\/media\/68127"}],"wp:attachment":[{"href":"https:\/\/dualtron-store.com\/index.php\/wp-json\/wp\/v2\/media?parent=68126"}],"wp:term":[{"taxonomy":"product_cat","embeddable":true,"href":"https:\/\/dualtron-store.com\/index.php\/wp-json\/wp\/v2\/product_cat?post=68126"},{"taxonomy":"product_tag","embeddable":true,"href":"https:\/\/dualtron-store.com\/index.php\/wp-json\/wp\/v2\/product_tag?post=68126"}],"curies":[{"name":"wp","href":"https:\/\/api.w.org\/{rel}","templated":true}]}}