{"id":68116,"date":"2023-10-22T21:36:18","date_gmt":"2023-10-22T19:36:18","guid":{"rendered":"https:\/\/dualtron-store.com\/?post_type=product&#038;p=68116"},"modified":"2026-04-13T18:20:42","modified_gmt":"2026-04-13T16:20:42","slug":"support-de-phare-avant-dualtron-thunder-3","status":"publish","type":"product","link":"https:\/\/dualtron-store.com\/index.php\/produit\/support-de-phare-avant-dualtron-thunder-3\/","title":{"rendered":"Support de phare avant Dualtron Thunder 3"},"content":{"rendered":"","protected":false},"excerpt":{"rendered":"<p>Le support de phare avant Dualtron Thunder 3 est une pi\u00e8ce sp\u00e9cialement con\u00e7ue pour la trottinette \u00e9lectrique Dualtron Thunder 3. Cette pi\u00e8ce de rechange permet d&#8217;installer et de maintenir solidement le phare avant de votre trottinette, garantissant une visibilit\u00e9 optimale pendant vos trajets nocturnes.<\/p>\n","protected":false},"featured_media":68150,"comment_status":"open","ping_status":"closed","template":"","meta":{"om_disable_all_campaigns":false,"_mi_skip_tracking":false,"_monsterinsights_sitenote_active":false,"_monsterinsights_sitenote_note":"","_monsterinsights_sitenote_category":0},"product_cat":[525,18,51],"product_tag":[],"aioseo_notices":[],"_links":{"self":[{"href":"https:\/\/dualtron-store.com\/index.php\/wp-json\/wp\/v2\/product\/68116"}],"collection":[{"href":"https:\/\/dualtron-store.com\/index.php\/wp-json\/wp\/v2\/product"}],"about":[{"href":"https:\/\/dualtron-store.com\/index.php\/wp-json\/wp\/v2\/types\/product"}],"replies":[{"embeddable":true,"href":"https:\/\/dualtron-store.com\/index.php\/wp-json\/wp\/v2\/comments?post=68116"}],"wp:featuredmedia":[{"embeddable":true,"href":"https:\/\/dualtron-store.com\/index.php\/wp-json\/wp\/v2\/media\/68150"}],"wp:attachment":[{"href":"https:\/\/dualtron-store.com\/index.php\/wp-json\/wp\/v2\/media?parent=68116"}],"wp:term":[{"taxonomy":"product_cat","embeddable":true,"href":"https:\/\/dualtron-store.com\/index.php\/wp-json\/wp\/v2\/product_cat?post=68116"},{"taxonomy":"product_tag","embeddable":true,"href":"https:\/\/dualtron-store.com\/index.php\/wp-json\/wp\/v2\/product_tag?post=68116"}],"curies":[{"name":"wp","href":"https:\/\/api.w.org\/{rel}","templated":true}]}}