{"id":68114,"date":"2023-10-22T21:34:02","date_gmt":"2023-10-22T19:34:02","guid":{"rendered":"https:\/\/dualtron-store.com\/?post_type=product&#038;p=68114"},"modified":"2023-10-27T15:19:07","modified_gmt":"2023-10-27T13:19:07","slug":"bequille-dualtron-spider","status":"publish","type":"product","link":"https:\/\/dualtron-store.com\/index.php\/produit\/bequille-dualtron-spider\/","title":{"rendered":"Bequille Dualtron Spider"},"content":{"rendered":"","protected":false},"excerpt":{"rendered":"<p><strong>La b\u00e9quille Dualtron Spider<\/strong> est un accessoire pratique con\u00e7u sp\u00e9cialement pour la trottinette \u00e9lectrique Dualtron Spider. Cette b\u00e9quille robuste vous permet de stationner votre trottinette en toute stabilit\u00e9, facilitant ainsi le stationnement et la maintenance de votre v\u00e9hicule. Elle s&#8217;installe facilement et offre un soutien fiable.<\/p>\n","protected":false},"featured_media":68115,"comment_status":"open","ping_status":"closed","template":"","meta":{"om_disable_all_campaigns":false,"_mi_skip_tracking":false,"_monsterinsights_sitenote_active":false,"_monsterinsights_sitenote_note":"","_monsterinsights_sitenote_category":0},"product_cat":[278,18,51],"product_tag":[],"aioseo_notices":[],"_links":{"self":[{"href":"https:\/\/dualtron-store.com\/index.php\/wp-json\/wp\/v2\/product\/68114"}],"collection":[{"href":"https:\/\/dualtron-store.com\/index.php\/wp-json\/wp\/v2\/product"}],"about":[{"href":"https:\/\/dualtron-store.com\/index.php\/wp-json\/wp\/v2\/types\/product"}],"replies":[{"embeddable":true,"href":"https:\/\/dualtron-store.com\/index.php\/wp-json\/wp\/v2\/comments?post=68114"}],"wp:featuredmedia":[{"embeddable":true,"href":"https:\/\/dualtron-store.com\/index.php\/wp-json\/wp\/v2\/media\/68115"}],"wp:attachment":[{"href":"https:\/\/dualtron-store.com\/index.php\/wp-json\/wp\/v2\/media?parent=68114"}],"wp:term":[{"taxonomy":"product_cat","embeddable":true,"href":"https:\/\/dualtron-store.com\/index.php\/wp-json\/wp\/v2\/product_cat?post=68114"},{"taxonomy":"product_tag","embeddable":true,"href":"https:\/\/dualtron-store.com\/index.php\/wp-json\/wp\/v2\/product_tag?post=68114"}],"curies":[{"name":"wp","href":"https:\/\/api.w.org\/{rel}","templated":true}]}}