{"id":68112,"date":"2023-10-22T21:32:13","date_gmt":"2023-10-22T19:32:13","guid":{"rendered":"https:\/\/dualtron-store.com\/?post_type=product&#038;p=68112"},"modified":"2025-05-01T23:40:07","modified_gmt":"2025-05-01T21:40:07","slug":"base-systeme-de-pliage-speedway-5","status":"publish","type":"product","link":"https:\/\/dualtron-store.com\/index.php\/produit\/base-systeme-de-pliage-speedway-5\/","title":{"rendered":"Base systeme de pliage Speedway 5"},"content":{"rendered":"","protected":false},"excerpt":{"rendered":"<p><strong>La base du syst\u00e8me de pliage Speedway 5<\/strong> est une pi\u00e8ce de rechange essentielle con\u00e7ue sp\u00e9cifiquement pour la trottinette \u00e9lectrique Speedway 5. Cette base assure un pliage facile et s\u00e9curis\u00e9 de votre trottinette, facilitant ainsi son transport et son rangement.<\/p>\n","protected":false},"featured_media":68113,"comment_status":"open","ping_status":"closed","template":"","meta":{"om_disable_all_campaigns":false,"_mi_skip_tracking":false,"_monsterinsights_sitenote_active":false,"_monsterinsights_sitenote_note":"","_monsterinsights_sitenote_category":0},"product_cat":[283,282,18,52],"product_tag":[],"aioseo_notices":[],"_links":{"self":[{"href":"https:\/\/dualtron-store.com\/index.php\/wp-json\/wp\/v2\/product\/68112"}],"collection":[{"href":"https:\/\/dualtron-store.com\/index.php\/wp-json\/wp\/v2\/product"}],"about":[{"href":"https:\/\/dualtron-store.com\/index.php\/wp-json\/wp\/v2\/types\/product"}],"replies":[{"embeddable":true,"href":"https:\/\/dualtron-store.com\/index.php\/wp-json\/wp\/v2\/comments?post=68112"}],"wp:featuredmedia":[{"embeddable":true,"href":"https:\/\/dualtron-store.com\/index.php\/wp-json\/wp\/v2\/media\/68113"}],"wp:attachment":[{"href":"https:\/\/dualtron-store.com\/index.php\/wp-json\/wp\/v2\/media?parent=68112"}],"wp:term":[{"taxonomy":"product_cat","embeddable":true,"href":"https:\/\/dualtron-store.com\/index.php\/wp-json\/wp\/v2\/product_cat?post=68112"},{"taxonomy":"product_tag","embeddable":true,"href":"https:\/\/dualtron-store.com\/index.php\/wp-json\/wp\/v2\/product_tag?post=68112"}],"curies":[{"name":"wp","href":"https:\/\/api.w.org\/{rel}","templated":true}]}}