{"id":67605,"date":"2023-10-11T10:45:39","date_gmt":"2023-10-11T08:45:39","guid":{"rendered":"https:\/\/dualtron-store.com\/?post_type=product&#038;p=67605"},"modified":"2026-03-11T20:23:06","modified_gmt":"2026-03-11T19:23:06","slug":"collier-rouge-double-renforce-dualtron","status":"publish","type":"product","link":"https:\/\/dualtron-store.com\/index.php\/produit\/collier-rouge-double-renforce-dualtron\/","title":{"rendered":"Collier double renforc\u00e9 Dualtron &#8211; Couleur Rouge"},"content":{"rendered":"<p><strong>Optimisez votre Trottinette Dualtron avec Style Exceptionnel<\/strong><\/p>\n<p>Le Collier Rouge double renforc\u00e9 Dualtron est l&#8217;accessoire id\u00e9al pour am\u00e9liorer la performance et la durabilit\u00e9 de votre trottinette \u00e9lectrique. Il ajoute une touche de style avec sa couleur vive.<\/p>\n<p>En outre, il offre de nombreux avantages pratiques, tels que la suppression compl\u00e8te du jeu. De plus, il \u00e9limine de mani\u00e8re spectaculaire les bruits de craquement g\u00eanants.<\/p>\n<p>Enfin, il r\u00e9duit le guidonnage au minimum absolu, tout en permettant de conserver le pliage de la colonne, assurant ainsi une conduite fluide et s\u00e9curis\u00e9e.<\/p>\n<p><strong>La Solution la plus Polyvalente et Efficace<\/strong><\/p>\n<p>Ce collier double renforc\u00e9 est la solution la plus polyvalente pour les propri\u00e9taires de trottinettes Dualtron. Il r\u00e9duit de mani\u00e8re significative les probl\u00e8mes courants li\u00e9s \u00e0 la direction et \u00e0 la stabilit\u00e9.<\/p>\n<p>Sa conception de qualit\u00e9 sup\u00e9rieure garantit la suppression compl\u00e8te du jeu et un fonctionnement plus silencieux. Il offre une meilleure tenue de route in\u00e9gal\u00e9e et pr\u00e9serve la fonction de pliage de la colonne de la mani\u00e8re la plus optimale.<\/p>\n<p>Cela permet une exp\u00e9rience de conduite absolument parfaite.<\/p>\n<p><strong>Profitez d&#8217;une Conduite sans \u00c9gal<\/strong><\/p>\n<p>Avec le Collier Rouge double renforc\u00e9 Dualtron, votre trottinette \u00e9lectrique gagne en robustesse et en fiabilit\u00e9. Elle arbore \u00e9galement un look attrayant de mani\u00e8re exceptionnelle.<\/p>\n<p>Donnez un coup de neuf \u00e0 votre Dualtron. Vous am\u00e9liorez sa s\u00e9curit\u00e9 et sa performance, pour une exp\u00e9rience de conduite sans \u00e9gal, surpassant toutes les attentes.<\/p>\n<p><iframe loading=\"lazy\" title=\"Tuto montage collier double Dualtron Forever - trottinette \u00e9lectrique\" width=\"1140\" height=\"641\" src=\"https:\/\/www.youtube.com\/embed\/p2J8mhLNHHk?feature=oembed\" frameborder=\"0\" allow=\"accelerometer; autoplay; clipboard-write; encrypted-media; gyroscope; picture-in-picture; web-share\" referrerpolicy=\"strict-origin-when-cross-origin\" allowfullscreen><\/iframe><\/p>\n","protected":false},"excerpt":{"rendered":"<p><strong>Collier double renforc\u00e9 avec serrages rapides<\/strong>\u00a0pour colonne Dualtron <strong>Couleur rouge<\/strong>.<br \/>\nCette bague renforce le maintien de la colonne.<\/p>\n<p><strong>Les b\u00e9n\u00e9fices:<\/strong><br \/>\n<strong>&#8211;\u00a0suppression du jeu,<\/strong><br \/>\n<strong>&#8211; suppression du bruit de craquement,<\/strong><br \/>\n<strong>&#8211; R\u00e9duit le guidonnage,<\/strong><br \/>\n<strong>&#8211; permet de conserver le pliage de la colonne.<\/strong><br \/>\nUsinage CNC sur mesure haute pr\u00e9cision. Le diam\u00e8tre int\u00e9rieur \u00e0 2 \u00e9paisseurs pour \u00e9pouser parfaitement la colonne.<\/p>\n","protected":false},"featured_media":67608,"comment_status":"open","ping_status":"closed","template":"","meta":{"om_disable_all_campaigns":false,"_mi_skip_tracking":false,"_monsterinsights_sitenote_active":false,"_monsterinsights_sitenote_note":"","_monsterinsights_sitenote_category":0},"product_cat":[275,288,277,618,276,528,278,274,279,280,704,18,51],"product_tag":[],"aioseo_notices":[],"_links":{"self":[{"href":"https:\/\/dualtron-store.com\/index.php\/wp-json\/wp\/v2\/product\/67605"}],"collection":[{"href":"https:\/\/dualtron-store.com\/index.php\/wp-json\/wp\/v2\/product"}],"about":[{"href":"https:\/\/dualtron-store.com\/index.php\/wp-json\/wp\/v2\/types\/product"}],"replies":[{"embeddable":true,"href":"https:\/\/dualtron-store.com\/index.php\/wp-json\/wp\/v2\/comments?post=67605"}],"wp:featuredmedia":[{"embeddable":true,"href":"https:\/\/dualtron-store.com\/index.php\/wp-json\/wp\/v2\/media\/67608"}],"wp:attachment":[{"href":"https:\/\/dualtron-store.com\/index.php\/wp-json\/wp\/v2\/media?parent=67605"}],"wp:term":[{"taxonomy":"product_cat","embeddable":true,"href":"https:\/\/dualtron-store.com\/index.php\/wp-json\/wp\/v2\/product_cat?post=67605"},{"taxonomy":"product_tag","embeddable":true,"href":"https:\/\/dualtron-store.com\/index.php\/wp-json\/wp\/v2\/product_tag?post=67605"}],"curies":[{"name":"wp","href":"https:\/\/api.w.org\/{rel}","templated":true}]}}