{"id":67599,"date":"2023-10-11T09:13:29","date_gmt":"2023-10-11T07:13:29","guid":{"rendered":"https:\/\/dualtron-store.com\/?post_type=product&#038;p=67599"},"modified":"2025-11-05T18:37:16","modified_gmt":"2025-11-05T17:37:16","slug":"axe-et-ressort-frein-avant-futecher-gun","status":"publish","type":"product","link":"https:\/\/dualtron-store.com\/index.php\/produit\/axe-et-ressort-frein-avant-futecher-gun\/","title":{"rendered":"Axe et ressort frein avant Futecher Gun"},"content":{"rendered":"","protected":false},"excerpt":{"rendered":"<p>L&#8217;axe et le ressort de frein avant <strong>Futecher Gun<\/strong> sont des pi\u00e8ces de rechange essentielles pour maintenir l&#8217;efficacit\u00e9 du frein avant de votre trottinette \u00e9lectrique Futecher Gun, garantissant un freinage fiable et s\u00fbr.<\/p>\n","protected":false},"featured_media":67600,"comment_status":"open","ping_status":"closed","template":"","meta":{"om_disable_all_campaigns":false,"_mi_skip_tracking":false,"_monsterinsights_sitenote_active":false,"_monsterinsights_sitenote_note":"","_monsterinsights_sitenote_category":0},"product_cat":[324,18],"product_tag":[],"aioseo_notices":[],"_links":{"self":[{"href":"https:\/\/dualtron-store.com\/index.php\/wp-json\/wp\/v2\/product\/67599"}],"collection":[{"href":"https:\/\/dualtron-store.com\/index.php\/wp-json\/wp\/v2\/product"}],"about":[{"href":"https:\/\/dualtron-store.com\/index.php\/wp-json\/wp\/v2\/types\/product"}],"replies":[{"embeddable":true,"href":"https:\/\/dualtron-store.com\/index.php\/wp-json\/wp\/v2\/comments?post=67599"}],"wp:featuredmedia":[{"embeddable":true,"href":"https:\/\/dualtron-store.com\/index.php\/wp-json\/wp\/v2\/media\/67600"}],"wp:attachment":[{"href":"https:\/\/dualtron-store.com\/index.php\/wp-json\/wp\/v2\/media?parent=67599"}],"wp:term":[{"taxonomy":"product_cat","embeddable":true,"href":"https:\/\/dualtron-store.com\/index.php\/wp-json\/wp\/v2\/product_cat?post=67599"},{"taxonomy":"product_tag","embeddable":true,"href":"https:\/\/dualtron-store.com\/index.php\/wp-json\/wp\/v2\/product_tag?post=67599"}],"curies":[{"name":"wp","href":"https:\/\/api.w.org\/{rel}","templated":true}]}}