{"id":67584,"date":"2023-10-11T00:52:07","date_gmt":"2023-10-10T22:52:07","guid":{"rendered":"https:\/\/dualtron-store.com\/?post_type=product&#038;p=67584"},"modified":"2024-09-18T09:24:54","modified_gmt":"2024-09-18T07:24:54","slug":"cache-lateral-teverun-fighter-supreme","status":"publish","type":"product","link":"https:\/\/dualtron-store.com\/index.php\/produit\/cache-lateral-teverun-fighter-supreme\/","title":{"rendered":"Cache lat\u00e9ral Teverun Fighter Supreme"},"content":{"rendered":"","protected":false},"excerpt":{"rendered":"<p>Le cache lat\u00e9ral <strong>Teverun Fighter Supreme<\/strong> ajoute du style et de la protection \u00e0 votre trottinette \u00e9lectrique. (vendu \u00e0 l&#8217;unit\u00e9)<\/p>\n","protected":false},"featured_media":81207,"comment_status":"open","ping_status":"closed","template":"","meta":{"om_disable_all_campaigns":false,"_mi_skip_tracking":false,"_monsterinsights_sitenote_active":false,"_monsterinsights_sitenote_note":"","_monsterinsights_sitenote_category":0},"product_cat":[580,18],"product_tag":[],"aioseo_notices":[],"_links":{"self":[{"href":"https:\/\/dualtron-store.com\/index.php\/wp-json\/wp\/v2\/product\/67584"}],"collection":[{"href":"https:\/\/dualtron-store.com\/index.php\/wp-json\/wp\/v2\/product"}],"about":[{"href":"https:\/\/dualtron-store.com\/index.php\/wp-json\/wp\/v2\/types\/product"}],"replies":[{"embeddable":true,"href":"https:\/\/dualtron-store.com\/index.php\/wp-json\/wp\/v2\/comments?post=67584"}],"wp:featuredmedia":[{"embeddable":true,"href":"https:\/\/dualtron-store.com\/index.php\/wp-json\/wp\/v2\/media\/81207"}],"wp:attachment":[{"href":"https:\/\/dualtron-store.com\/index.php\/wp-json\/wp\/v2\/media?parent=67584"}],"wp:term":[{"taxonomy":"product_cat","embeddable":true,"href":"https:\/\/dualtron-store.com\/index.php\/wp-json\/wp\/v2\/product_cat?post=67584"},{"taxonomy":"product_tag","embeddable":true,"href":"https:\/\/dualtron-store.com\/index.php\/wp-json\/wp\/v2\/product_tag?post=67584"}],"curies":[{"name":"wp","href":"https:\/\/api.w.org\/{rel}","templated":true}]}}