{"id":67481,"date":"2023-10-09T13:07:13","date_gmt":"2023-10-09T11:07:13","guid":{"rendered":"https:\/\/dualtron-store.com\/?post_type=product&#038;p=67481"},"modified":"2026-02-12T09:20:16","modified_gmt":"2026-02-12T08:20:16","slug":"grip-blade-x","status":"publish","type":"product","link":"https:\/\/dualtron-store.com\/index.php\/produit\/grip-blade-x\/","title":{"rendered":"Grip Blade X"},"content":{"rendered":"","protected":false},"excerpt":{"rendered":"<p>Le grip deck en caoutchouc BLADE X offre une adh\u00e9rence exceptionnelle pour une exp\u00e9rience de conduite stable et confortable sur votre trottinette \u00e9lectrique.<\/p>\n","protected":false},"featured_media":67482,"comment_status":"open","ping_status":"closed","template":"","meta":{"om_disable_all_campaigns":false,"_mi_skip_tracking":false,"_monsterinsights_sitenote_active":false,"_monsterinsights_sitenote_note":"","_monsterinsights_sitenote_category":0},"product_cat":[18],"product_tag":[],"aioseo_notices":[],"_links":{"self":[{"href":"https:\/\/dualtron-store.com\/index.php\/wp-json\/wp\/v2\/product\/67481"}],"collection":[{"href":"https:\/\/dualtron-store.com\/index.php\/wp-json\/wp\/v2\/product"}],"about":[{"href":"https:\/\/dualtron-store.com\/index.php\/wp-json\/wp\/v2\/types\/product"}],"replies":[{"embeddable":true,"href":"https:\/\/dualtron-store.com\/index.php\/wp-json\/wp\/v2\/comments?post=67481"}],"wp:featuredmedia":[{"embeddable":true,"href":"https:\/\/dualtron-store.com\/index.php\/wp-json\/wp\/v2\/media\/67482"}],"wp:attachment":[{"href":"https:\/\/dualtron-store.com\/index.php\/wp-json\/wp\/v2\/media?parent=67481"}],"wp:term":[{"taxonomy":"product_cat","embeddable":true,"href":"https:\/\/dualtron-store.com\/index.php\/wp-json\/wp\/v2\/product_cat?post=67481"},{"taxonomy":"product_tag","embeddable":true,"href":"https:\/\/dualtron-store.com\/index.php\/wp-json\/wp\/v2\/product_tag?post=67481"}],"curies":[{"name":"wp","href":"https:\/\/api.w.org\/{rel}","templated":true}]}}