{"id":67435,"date":"2023-10-08T18:18:54","date_gmt":"2023-10-08T16:18:54","guid":{"rendered":"https:\/\/dualtron-store.com\/?post_type=product&#038;p=67435"},"modified":"2025-03-11T21:31:03","modified_gmt":"2025-03-11T20:31:03","slug":"clignotant-blade-x","status":"publish","type":"product","link":"https:\/\/dualtron-store.com\/index.php\/produit\/clignotant-blade-x\/","title":{"rendered":"Clignotant Blade X"},"content":{"rendered":"","protected":false},"excerpt":{"rendered":"<p><strong>Les clignotants Blade X<\/strong> sont des indicateurs lumineux essentiels pour signaler vos virages en toute s\u00e9curit\u00e9, ajoutant un \u00e9l\u00e9ment de visibilit\u00e9 cruciale \u00e0 votre trottinette \u00e9lectrique <strong>Blade X<\/strong>.<\/p>\n","protected":false},"featured_media":67436,"comment_status":"open","ping_status":"closed","template":"","meta":{"om_disable_all_campaigns":false,"_mi_skip_tracking":false,"_monsterinsights_sitenote_active":false,"_monsterinsights_sitenote_note":"","_monsterinsights_sitenote_category":0},"product_cat":[18,51],"product_tag":[],"aioseo_notices":[],"_links":{"self":[{"href":"https:\/\/dualtron-store.com\/index.php\/wp-json\/wp\/v2\/product\/67435"}],"collection":[{"href":"https:\/\/dualtron-store.com\/index.php\/wp-json\/wp\/v2\/product"}],"about":[{"href":"https:\/\/dualtron-store.com\/index.php\/wp-json\/wp\/v2\/types\/product"}],"replies":[{"embeddable":true,"href":"https:\/\/dualtron-store.com\/index.php\/wp-json\/wp\/v2\/comments?post=67435"}],"wp:featuredmedia":[{"embeddable":true,"href":"https:\/\/dualtron-store.com\/index.php\/wp-json\/wp\/v2\/media\/67436"}],"wp:attachment":[{"href":"https:\/\/dualtron-store.com\/index.php\/wp-json\/wp\/v2\/media?parent=67435"}],"wp:term":[{"taxonomy":"product_cat","embeddable":true,"href":"https:\/\/dualtron-store.com\/index.php\/wp-json\/wp\/v2\/product_cat?post=67435"},{"taxonomy":"product_tag","embeddable":true,"href":"https:\/\/dualtron-store.com\/index.php\/wp-json\/wp\/v2\/product_tag?post=67435"}],"curies":[{"name":"wp","href":"https:\/\/api.w.org\/{rel}","templated":true}]}}