{"id":67431,"date":"2023-10-08T18:11:27","date_gmt":"2023-10-08T16:11:27","guid":{"rendered":"https:\/\/dualtron-store.com\/?post_type=product&#038;p=67431"},"modified":"2024-06-22T16:53:37","modified_gmt":"2024-06-22T14:53:37","slug":"cache-led-bras-dualtron","status":"publish","type":"product","link":"https:\/\/dualtron-store.com\/index.php\/produit\/cache-led-bras-dualtron\/","title":{"rendered":"Cache led bras Dualtron"},"content":{"rendered":"","protected":false},"excerpt":{"rendered":"<p><strong>Le cache LED<\/strong> pour bras Dualtron est un accessoire \u00e9l\u00e9gant qui prot\u00e8ge et personnalise les lumi\u00e8res de votre trottinette \u00e9lectrique <strong>Dualtron<\/strong>, ajoutant une touche de style tout en maintenant la visibilit\u00e9.<\/p>\n","protected":false},"featured_media":67432,"comment_status":"open","ping_status":"closed","template":"","meta":{"om_disable_all_campaigns":false,"_mi_skip_tracking":false,"_monsterinsights_sitenote_active":false,"_monsterinsights_sitenote_note":"","_monsterinsights_sitenote_category":0},"product_cat":[348,526,51],"product_tag":[],"aioseo_notices":[],"_links":{"self":[{"href":"https:\/\/dualtron-store.com\/index.php\/wp-json\/wp\/v2\/product\/67431"}],"collection":[{"href":"https:\/\/dualtron-store.com\/index.php\/wp-json\/wp\/v2\/product"}],"about":[{"href":"https:\/\/dualtron-store.com\/index.php\/wp-json\/wp\/v2\/types\/product"}],"replies":[{"embeddable":true,"href":"https:\/\/dualtron-store.com\/index.php\/wp-json\/wp\/v2\/comments?post=67431"}],"wp:featuredmedia":[{"embeddable":true,"href":"https:\/\/dualtron-store.com\/index.php\/wp-json\/wp\/v2\/media\/67432"}],"wp:attachment":[{"href":"https:\/\/dualtron-store.com\/index.php\/wp-json\/wp\/v2\/media?parent=67431"}],"wp:term":[{"taxonomy":"product_cat","embeddable":true,"href":"https:\/\/dualtron-store.com\/index.php\/wp-json\/wp\/v2\/product_cat?post=67431"},{"taxonomy":"product_tag","embeddable":true,"href":"https:\/\/dualtron-store.com\/index.php\/wp-json\/wp\/v2\/product_tag?post=67431"}],"curies":[{"name":"wp","href":"https:\/\/api.w.org\/{rel}","templated":true}]}}