{"id":67427,"date":"2023-10-08T18:01:40","date_gmt":"2023-10-08T16:01:40","guid":{"rendered":"https:\/\/dualtron-store.com\/?post_type=product&#038;p=67427"},"modified":"2026-02-12T09:20:48","modified_gmt":"2026-02-12T08:20:48","slug":"led-arriere-blade-x-rouge-orange","status":"publish","type":"product","link":"https:\/\/dualtron-store.com\/index.php\/produit\/led-arriere-blade-x-rouge-orange\/","title":{"rendered":"Led arri\u00e8re Blade X Rouge \/ Orange"},"content":{"rendered":"","protected":false},"excerpt":{"rendered":"<p>Les LED arri\u00e8re Blade X en rouge\/orange sont des feux arri\u00e8re haute visibilit\u00e9, assurant votre s\u00e9curit\u00e9 et ajoutant une touche de style \u00e0 votre trottinette \u00e9lectrique Blade X.<\/p>\n","protected":false},"featured_media":70480,"comment_status":"open","ping_status":"closed","template":"","meta":{"om_disable_all_campaigns":false,"_mi_skip_tracking":false,"_monsterinsights_sitenote_active":false,"_monsterinsights_sitenote_note":"","_monsterinsights_sitenote_category":0},"product_cat":[18],"product_tag":[],"aioseo_notices":[],"_links":{"self":[{"href":"https:\/\/dualtron-store.com\/index.php\/wp-json\/wp\/v2\/product\/67427"}],"collection":[{"href":"https:\/\/dualtron-store.com\/index.php\/wp-json\/wp\/v2\/product"}],"about":[{"href":"https:\/\/dualtron-store.com\/index.php\/wp-json\/wp\/v2\/types\/product"}],"replies":[{"embeddable":true,"href":"https:\/\/dualtron-store.com\/index.php\/wp-json\/wp\/v2\/comments?post=67427"}],"wp:featuredmedia":[{"embeddable":true,"href":"https:\/\/dualtron-store.com\/index.php\/wp-json\/wp\/v2\/media\/70480"}],"wp:attachment":[{"href":"https:\/\/dualtron-store.com\/index.php\/wp-json\/wp\/v2\/media?parent=67427"}],"wp:term":[{"taxonomy":"product_cat","embeddable":true,"href":"https:\/\/dualtron-store.com\/index.php\/wp-json\/wp\/v2\/product_cat?post=67427"},{"taxonomy":"product_tag","embeddable":true,"href":"https:\/\/dualtron-store.com\/index.php\/wp-json\/wp\/v2\/product_tag?post=67427"}],"curies":[{"name":"wp","href":"https:\/\/api.w.org\/{rel}","templated":true}]}}