{"id":67425,"date":"2023-10-08T17:59:29","date_gmt":"2023-10-08T15:59:29","guid":{"rendered":"https:\/\/dualtron-store.com\/?post_type=product&#038;p=67425"},"modified":"2025-12-05T17:04:37","modified_gmt":"2025-12-05T16:04:37","slug":"phare-avant","status":"publish","type":"product","link":"https:\/\/dualtron-store.com\/index.php\/produit\/phare-avant\/","title":{"rendered":"Phare avant \/ klaxon"},"content":{"rendered":"<p><iframe loading=\"lazy\" title=\"TUTO MONTAGE : Clignotants, Phare &amp; Klaxon sur Trottinette \u00c9lectrique Dualtron\" width=\"1140\" height=\"641\" src=\"https:\/\/www.youtube.com\/embed\/w6WA0Hyd3Rw?feature=oembed\" frameborder=\"0\" allow=\"accelerometer; autoplay; clipboard-write; encrypted-media; gyroscope; picture-in-picture; web-share\" referrerpolicy=\"strict-origin-when-cross-origin\" allowfullscreen><\/iframe><\/p>\n","protected":false},"excerpt":{"rendered":"<p>Le phare avant est un \u00e9clairage puissant et fiable pour votre trottinette \u00e9lectrique, am\u00e9liorant la visibilit\u00e9 et la s\u00e9curit\u00e9 lors de vos trajets.<\/p>\n","protected":false},"featured_media":67426,"comment_status":"open","ping_status":"closed","template":"","meta":{"om_disable_all_campaigns":false,"_mi_skip_tracking":false,"_monsterinsights_sitenote_active":false,"_monsterinsights_sitenote_note":"","_monsterinsights_sitenote_category":0},"product_cat":[18,17],"product_tag":[],"aioseo_notices":[],"_links":{"self":[{"href":"https:\/\/dualtron-store.com\/index.php\/wp-json\/wp\/v2\/product\/67425"}],"collection":[{"href":"https:\/\/dualtron-store.com\/index.php\/wp-json\/wp\/v2\/product"}],"about":[{"href":"https:\/\/dualtron-store.com\/index.php\/wp-json\/wp\/v2\/types\/product"}],"replies":[{"embeddable":true,"href":"https:\/\/dualtron-store.com\/index.php\/wp-json\/wp\/v2\/comments?post=67425"}],"wp:featuredmedia":[{"embeddable":true,"href":"https:\/\/dualtron-store.com\/index.php\/wp-json\/wp\/v2\/media\/67426"}],"wp:attachment":[{"href":"https:\/\/dualtron-store.com\/index.php\/wp-json\/wp\/v2\/media?parent=67425"}],"wp:term":[{"taxonomy":"product_cat","embeddable":true,"href":"https:\/\/dualtron-store.com\/index.php\/wp-json\/wp\/v2\/product_cat?post=67425"},{"taxonomy":"product_tag","embeddable":true,"href":"https:\/\/dualtron-store.com\/index.php\/wp-json\/wp\/v2\/product_tag?post=67425"}],"curies":[{"name":"wp","href":"https:\/\/api.w.org\/{rel}","templated":true}]}}