{"id":67284,"date":"2023-10-06T00:07:57","date_gmt":"2023-10-05T22:07:57","guid":{"rendered":"https:\/\/dualtron-store.com\/?post_type=product&#038;p=67284"},"modified":"2026-02-12T09:20:57","modified_gmt":"2026-02-12T08:20:57","slug":"feu-arriere-blade-x","status":"publish","type":"product","link":"https:\/\/dualtron-store.com\/index.php\/produit\/feu-arriere-blade-x\/","title":{"rendered":"Feu arri\u00e8re Blade X"},"content":{"rendered":"","protected":false},"excerpt":{"rendered":"<p><strong>Le feu arri\u00e8re Blade X<\/strong> est un accessoire lumineux puissant con\u00e7u pour am\u00e9liorer la visibilit\u00e9 et la s\u00e9curit\u00e9 de votre v\u00e9lo, de votre trottinette ou de votre v\u00e9hicule. Avec des fonctionnalit\u00e9s avanc\u00e9es et un design \u00e9l\u00e9gant, il offre un \u00e9clairage efficace pour assurer une conduite plus s\u00fbre, de jour comme de nuit. Un must-have pour tous les amateurs de d\u00e9placement en toute s\u00e9curit\u00e9.<\/p>\n","protected":false},"featured_media":67285,"comment_status":"open","ping_status":"closed","template":"","meta":{"om_disable_all_campaigns":false,"_mi_skip_tracking":false,"_monsterinsights_sitenote_active":false,"_monsterinsights_sitenote_note":"","_monsterinsights_sitenote_category":0},"product_cat":[18,51],"product_tag":[],"aioseo_notices":[],"_links":{"self":[{"href":"https:\/\/dualtron-store.com\/index.php\/wp-json\/wp\/v2\/product\/67284"}],"collection":[{"href":"https:\/\/dualtron-store.com\/index.php\/wp-json\/wp\/v2\/product"}],"about":[{"href":"https:\/\/dualtron-store.com\/index.php\/wp-json\/wp\/v2\/types\/product"}],"replies":[{"embeddable":true,"href":"https:\/\/dualtron-store.com\/index.php\/wp-json\/wp\/v2\/comments?post=67284"}],"wp:featuredmedia":[{"embeddable":true,"href":"https:\/\/dualtron-store.com\/index.php\/wp-json\/wp\/v2\/media\/67285"}],"wp:attachment":[{"href":"https:\/\/dualtron-store.com\/index.php\/wp-json\/wp\/v2\/media?parent=67284"}],"wp:term":[{"taxonomy":"product_cat","embeddable":true,"href":"https:\/\/dualtron-store.com\/index.php\/wp-json\/wp\/v2\/product_cat?post=67284"},{"taxonomy":"product_tag","embeddable":true,"href":"https:\/\/dualtron-store.com\/index.php\/wp-json\/wp\/v2\/product_tag?post=67284"}],"curies":[{"name":"wp","href":"https:\/\/api.w.org\/{rel}","templated":true}]}}