{"id":67282,"date":"2023-10-06T00:05:57","date_gmt":"2023-10-05T22:05:57","guid":{"rendered":"https:\/\/dualtron-store.com\/?post_type=product&#038;p=67282"},"modified":"2026-02-22T21:41:13","modified_gmt":"2026-02-22T20:41:13","slug":"folding-blade-x","status":"publish","type":"product","link":"https:\/\/dualtron-store.com\/index.php\/produit\/folding-blade-x\/","title":{"rendered":"Folding Blade X"},"content":{"rendered":"","protected":false},"excerpt":{"rendered":"<p>Le Folding Blade X est un accessoire pratique con\u00e7u pour faciliter le pliage et le rangement de votre trottinette. Avec une construction robuste et un m\u00e9canisme de pliage efficace, il offre une solution pratique pour rendre le transport de votre engin plus facile et plus compact. Un choix id\u00e9al pour les d\u00e9placements urbains en toute simplicit\u00e9.<\/p>\n","protected":false},"featured_media":67283,"comment_status":"open","ping_status":"closed","template":"","meta":{"om_disable_all_campaigns":false,"_mi_skip_tracking":false,"_monsterinsights_sitenote_active":false,"_monsterinsights_sitenote_note":"","_monsterinsights_sitenote_category":0},"product_cat":[18],"product_tag":[],"aioseo_notices":[],"_links":{"self":[{"href":"https:\/\/dualtron-store.com\/index.php\/wp-json\/wp\/v2\/product\/67282"}],"collection":[{"href":"https:\/\/dualtron-store.com\/index.php\/wp-json\/wp\/v2\/product"}],"about":[{"href":"https:\/\/dualtron-store.com\/index.php\/wp-json\/wp\/v2\/types\/product"}],"replies":[{"embeddable":true,"href":"https:\/\/dualtron-store.com\/index.php\/wp-json\/wp\/v2\/comments?post=67282"}],"wp:featuredmedia":[{"embeddable":true,"href":"https:\/\/dualtron-store.com\/index.php\/wp-json\/wp\/v2\/media\/67283"}],"wp:attachment":[{"href":"https:\/\/dualtron-store.com\/index.php\/wp-json\/wp\/v2\/media?parent=67282"}],"wp:term":[{"taxonomy":"product_cat","embeddable":true,"href":"https:\/\/dualtron-store.com\/index.php\/wp-json\/wp\/v2\/product_cat?post=67282"},{"taxonomy":"product_tag","embeddable":true,"href":"https:\/\/dualtron-store.com\/index.php\/wp-json\/wp\/v2\/product_tag?post=67282"}],"curies":[{"name":"wp","href":"https:\/\/api.w.org\/{rel}","templated":true}]}}