{"id":67251,"date":"2023-10-05T23:13:47","date_gmt":"2023-10-05T21:13:47","guid":{"rendered":"https:\/\/dualtron-store.com\/?post_type=product&#038;p=67251"},"modified":"2024-03-20T16:49:36","modified_gmt":"2024-03-20T15:49:36","slug":"levier-de-pliage-speedway-mini-4-pro-futecher-gun","status":"publish","type":"product","link":"https:\/\/dualtron-store.com\/index.php\/produit\/levier-de-pliage-speedway-mini-4-pro-futecher-gun\/","title":{"rendered":"Levier de pliage Speedway Mini 4 Pro \/ Futecher Gun"},"content":{"rendered":"","protected":false},"excerpt":{"rendered":"<p><strong>Le levier de pliage Speedway Mini 4 Pro \/ Futecher Gun<\/strong> est une pi\u00e8ce essentielle con\u00e7ue pour les trottinettes \u00e9lectriques Speedway Mini 4 Pro et Futecher Gun. Cet \u00e9l\u00e9ment ergonomique permet de replier facilement la trottinette, offrant ainsi une solution pratique pour le transport et le stockage.<\/p>\n","protected":false},"featured_media":67252,"comment_status":"open","ping_status":"closed","template":"","meta":{"om_disable_all_campaigns":false,"_mi_skip_tracking":false,"_monsterinsights_sitenote_active":false,"_monsterinsights_sitenote_note":"","_monsterinsights_sitenote_category":0},"product_cat":[324,284,285,18,52],"product_tag":[],"aioseo_notices":[],"_links":{"self":[{"href":"https:\/\/dualtron-store.com\/index.php\/wp-json\/wp\/v2\/product\/67251"}],"collection":[{"href":"https:\/\/dualtron-store.com\/index.php\/wp-json\/wp\/v2\/product"}],"about":[{"href":"https:\/\/dualtron-store.com\/index.php\/wp-json\/wp\/v2\/types\/product"}],"replies":[{"embeddable":true,"href":"https:\/\/dualtron-store.com\/index.php\/wp-json\/wp\/v2\/comments?post=67251"}],"wp:featuredmedia":[{"embeddable":true,"href":"https:\/\/dualtron-store.com\/index.php\/wp-json\/wp\/v2\/media\/67252"}],"wp:attachment":[{"href":"https:\/\/dualtron-store.com\/index.php\/wp-json\/wp\/v2\/media?parent=67251"}],"wp:term":[{"taxonomy":"product_cat","embeddable":true,"href":"https:\/\/dualtron-store.com\/index.php\/wp-json\/wp\/v2\/product_cat?post=67251"},{"taxonomy":"product_tag","embeddable":true,"href":"https:\/\/dualtron-store.com\/index.php\/wp-json\/wp\/v2\/product_tag?post=67251"}],"curies":[{"name":"wp","href":"https:\/\/api.w.org\/{rel}","templated":true}]}}