{"id":67242,"date":"2023-10-05T23:02:50","date_gmt":"2023-10-05T21:02:50","guid":{"rendered":"https:\/\/dualtron-store.com\/?post_type=product&#038;p=67242"},"modified":"2023-10-05T23:03:46","modified_gmt":"2023-10-05T21:03:46","slug":"cote-lateral-gauche-speedway-leger","status":"publish","type":"product","link":"https:\/\/dualtron-store.com\/index.php\/produit\/cote-lateral-gauche-speedway-leger\/","title":{"rendered":"Cot\u00e9 lat\u00e9ral gauche Speedway L\u00e9ger"},"content":{"rendered":"","protected":false},"excerpt":{"rendered":"<p>Cot\u00e9 lat\u00e9ral gauche Speedway L\u00e9ger<\/p>\n","protected":false},"featured_media":67243,"comment_status":"open","ping_status":"closed","template":"","meta":{"om_disable_all_campaigns":false,"_mi_skip_tracking":false,"_monsterinsights_sitenote_active":false,"_monsterinsights_sitenote_note":"","_monsterinsights_sitenote_category":0},"product_cat":[18,52],"product_tag":[],"aioseo_notices":[],"_links":{"self":[{"href":"https:\/\/dualtron-store.com\/index.php\/wp-json\/wp\/v2\/product\/67242"}],"collection":[{"href":"https:\/\/dualtron-store.com\/index.php\/wp-json\/wp\/v2\/product"}],"about":[{"href":"https:\/\/dualtron-store.com\/index.php\/wp-json\/wp\/v2\/types\/product"}],"replies":[{"embeddable":true,"href":"https:\/\/dualtron-store.com\/index.php\/wp-json\/wp\/v2\/comments?post=67242"}],"wp:featuredmedia":[{"embeddable":true,"href":"https:\/\/dualtron-store.com\/index.php\/wp-json\/wp\/v2\/media\/67243"}],"wp:attachment":[{"href":"https:\/\/dualtron-store.com\/index.php\/wp-json\/wp\/v2\/media?parent=67242"}],"wp:term":[{"taxonomy":"product_cat","embeddable":true,"href":"https:\/\/dualtron-store.com\/index.php\/wp-json\/wp\/v2\/product_cat?post=67242"},{"taxonomy":"product_tag","embeddable":true,"href":"https:\/\/dualtron-store.com\/index.php\/wp-json\/wp\/v2\/product_tag?post=67242"}],"curies":[{"name":"wp","href":"https:\/\/api.w.org\/{rel}","templated":true}]}}