{"id":67217,"date":"2023-10-05T22:31:21","date_gmt":"2023-10-05T20:31:21","guid":{"rendered":"https:\/\/dualtron-store.com\/?post_type=product&#038;p=67217"},"modified":"2026-04-23T10:22:01","modified_gmt":"2026-04-23T08:22:01","slug":"garde-boue-arriere-dualtron-pop","status":"publish","type":"product","link":"https:\/\/dualtron-store.com\/index.php\/produit\/garde-boue-arriere-dualtron-pop\/","title":{"rendered":"Garde boue arri\u00e8re Dualtron POP"},"content":{"rendered":"<p>Le garde-boue arri\u00e8re Dualtron POP est un accessoire essentiel pour prot\u00e9ger des \u00e9claboussures et garder votre trottinette propre.<\/p>\n<p><a href=\"https:\/\/dualtron-store.com\/wp-content\/uploads\/2023\/10\/FullSizeRender-1-scaled-e1697032993504.jpeg\"><img loading=\"lazy\" class=\"alignnone size-medium wp-image-67633\" src=\"https:\/\/dualtron-store.com\/wp-content\/uploads\/2023\/10\/FullSizeRender-1-scaled-e1697032954472-300x300.jpeg\" alt=\"\" width=\"300\" height=\"300\" \/><\/a><\/p>\n<p>&nbsp;<\/p>\n","protected":false},"excerpt":{"rendered":"<p>Le garde-boue arri\u00e8re <strong>Dualtron POP<\/strong> est un accessoire essentiel pour prot\u00e9ger des \u00e9claboussures et garder votre trottinette propre.<\/p>\n","protected":false},"featured_media":67633,"comment_status":"open","ping_status":"closed","template":"","meta":{"om_disable_all_campaigns":false,"_mi_skip_tracking":false,"_monsterinsights_sitenote_active":false,"_monsterinsights_sitenote_note":"","_monsterinsights_sitenote_category":0},"product_cat":[545,18,51],"product_tag":[],"aioseo_notices":[],"_links":{"self":[{"href":"https:\/\/dualtron-store.com\/index.php\/wp-json\/wp\/v2\/product\/67217"}],"collection":[{"href":"https:\/\/dualtron-store.com\/index.php\/wp-json\/wp\/v2\/product"}],"about":[{"href":"https:\/\/dualtron-store.com\/index.php\/wp-json\/wp\/v2\/types\/product"}],"replies":[{"embeddable":true,"href":"https:\/\/dualtron-store.com\/index.php\/wp-json\/wp\/v2\/comments?post=67217"}],"wp:featuredmedia":[{"embeddable":true,"href":"https:\/\/dualtron-store.com\/index.php\/wp-json\/wp\/v2\/media\/67633"}],"wp:attachment":[{"href":"https:\/\/dualtron-store.com\/index.php\/wp-json\/wp\/v2\/media?parent=67217"}],"wp:term":[{"taxonomy":"product_cat","embeddable":true,"href":"https:\/\/dualtron-store.com\/index.php\/wp-json\/wp\/v2\/product_cat?post=67217"},{"taxonomy":"product_tag","embeddable":true,"href":"https:\/\/dualtron-store.com\/index.php\/wp-json\/wp\/v2\/product_tag?post=67217"}],"curies":[{"name":"wp","href":"https:\/\/api.w.org\/{rel}","templated":true}]}}