{"id":67159,"date":"2023-10-05T18:34:08","date_gmt":"2023-10-05T16:34:08","guid":{"rendered":"https:\/\/dualtron-store.com\/?post_type=product&#038;p=67159"},"modified":"2026-04-23T19:14:46","modified_gmt":"2026-04-23T17:14:46","slug":"reflecteur-garde-boue-arriere-dualtron-thunder-3","status":"publish","type":"product","link":"https:\/\/dualtron-store.com\/index.php\/produit\/reflecteur-garde-boue-arriere-dualtron-thunder-3\/","title":{"rendered":"R\u00e9flecteur catadioptre garde boue arri\u00e8re Dualtron Thunder 3"},"content":{"rendered":"","protected":false},"excerpt":{"rendered":"<p>R\u00e9flecteur garde boue arri\u00e8re Dualtron Thunder 3<\/p>\n","protected":false},"featured_media":67161,"comment_status":"open","ping_status":"closed","template":"","meta":{"om_disable_all_campaigns":false,"_mi_skip_tracking":false,"_monsterinsights_sitenote_active":false,"_monsterinsights_sitenote_note":"","_monsterinsights_sitenote_category":0},"product_cat":[617,525,18,51],"product_tag":[],"aioseo_notices":[],"_links":{"self":[{"href":"https:\/\/dualtron-store.com\/index.php\/wp-json\/wp\/v2\/product\/67159"}],"collection":[{"href":"https:\/\/dualtron-store.com\/index.php\/wp-json\/wp\/v2\/product"}],"about":[{"href":"https:\/\/dualtron-store.com\/index.php\/wp-json\/wp\/v2\/types\/product"}],"replies":[{"embeddable":true,"href":"https:\/\/dualtron-store.com\/index.php\/wp-json\/wp\/v2\/comments?post=67159"}],"wp:featuredmedia":[{"embeddable":true,"href":"https:\/\/dualtron-store.com\/index.php\/wp-json\/wp\/v2\/media\/67161"}],"wp:attachment":[{"href":"https:\/\/dualtron-store.com\/index.php\/wp-json\/wp\/v2\/media?parent=67159"}],"wp:term":[{"taxonomy":"product_cat","embeddable":true,"href":"https:\/\/dualtron-store.com\/index.php\/wp-json\/wp\/v2\/product_cat?post=67159"},{"taxonomy":"product_tag","embeddable":true,"href":"https:\/\/dualtron-store.com\/index.php\/wp-json\/wp\/v2\/product_tag?post=67159"}],"curies":[{"name":"wp","href":"https:\/\/api.w.org\/{rel}","templated":true}]}}