{"id":66810,"date":"2023-09-29T10:22:21","date_gmt":"2023-09-29T08:22:21","guid":{"rendered":"https:\/\/dualtron-store.com\/?post_type=product&#038;p=66810"},"modified":"2025-08-06T14:22:21","modified_gmt":"2025-08-06T12:22:21","slug":"teverun-fighter-mini","status":"publish","type":"product","link":"https:\/\/dualtron-store.com\/index.php\/produit\/teverun-fighter-mini\/","title":{"rendered":"Teverun fighter MINI &#8211; MINI ECO &#8211; MINI PRO"},"content":{"rendered":"<h2><strong>Teverun fighter MINI<\/strong><\/h2>\n<p>Le Teverun Fighter Mini est un produit compact et performant, id\u00e9al pour une utilisation polyvalente en mobilit\u00e9.<\/p>\n<p><iframe loading=\"lazy\" title=\"Teverun Fighter Mini Mieux Que Dualtron Mini Bi Motors ?\" width=\"1140\" height=\"641\" src=\"https:\/\/www.youtube.com\/embed\/f7ByNwvYwRc?feature=oembed\" frameborder=\"0\" allow=\"accelerometer; autoplay; clipboard-write; encrypted-media; gyroscope; picture-in-picture; web-share\" referrerpolicy=\"strict-origin-when-cross-origin\" allowfullscreen><\/iframe><\/p>\n<p>Test par Kramtoo de la teverun fighter mini<\/p>\n<div class=\"flex flex-grow flex-col max-w-full\">\n<div class=\"min-h-[20px] text-message flex w-full flex-col items-end gap-2 whitespace-pre-wrap break-words [.text-message+&amp;]:mt-5 overflow-x-auto\" dir=\"auto\" data-message-author-role=\"assistant\" data-message-id=\"857a5b5f-cb1d-4c74-a895-195ff0003e5e\">\n<div class=\"flex w-full flex-col gap-1 empty:hidden first:pt-[3px]\">\n<div class=\"markdown prose w-full break-words dark:prose-invert light\">\n<h1><strong>Fighter Mini :<\/strong><\/h1>\n<p>D\u00e9couvrez le Teverun Fighter Mini, une trottinette \u00e9lectrique compacte et puissante, faisant honneur \u00e0 la r\u00e9putation de qualit\u00e9 et de performance de la gamme Teverun. Con\u00e7ue pour les environnements urbains, elle se distingue par sa compacit\u00e9, avec une r\u00e9duction de pr\u00e8s de <strong>20 cm<\/strong> par rapport \u00e0 la Fighter Ten, tout en conservant le design signature de la marque. \u00c9quip\u00e9e d&#8217;un \u00e9cran <strong>TFT de 3,5 pouces<\/strong> au centre du guidon, la Fighter Mini offre une interface utilisateur intuitive et la possibilit\u00e9 de se connecter \u00e0 votre smartphone pour une personnalisation des r\u00e9glages. Le verrouillage par <strong>NFC<\/strong> renforce la s\u00e9curit\u00e9 lorsque vous la garez.<\/p>\n<p>La Fighter Mini impressionne par sa puissance et ses performances. Dot\u00e9e de deux moteurs de <strong>1000W<\/strong> chacun, elle peut atteindre une puissance maximale de <strong>2950W<\/strong>, permettant d&#8217;atteindre une vitesse de pointe de <strong>60 km\/h<\/strong> sur une piste priv\u00e9e. Sa batterie de <strong>52V 20,8Ah<\/strong> offre une autonomie de <strong>60 km<\/strong> en mode \u00e9co, id\u00e9ale pour les d\u00e9placements quotidiens et les longues balades sans recharge fr\u00e9quente.<\/p>\n<p>La s\u00e9curit\u00e9 est une priorit\u00e9 pour la Fighter Mini, qui dispose de freins hydrauliques con\u00e7us pour une efficacit\u00e9 maximale en toutes circonstances. La suspension \u00e0 ressorts et les pneus tubeless de <strong>10 x 3 pouces<\/strong> garantissent une tenue de route optimale et un confort de conduite sur toutes les surfaces. Les clignotants innovants, avec des <strong>LED clignotant sur tout un c\u00f4t\u00e9<\/strong>, assurent une visibilit\u00e9 parfaite pour les autres usagers de la route, renfor\u00e7ant ainsi la s\u00e9curit\u00e9 \u00e0 chaque d\u00e9placement.<\/p>\n<h1><strong>Fighter Mini Pro :<\/strong><\/h1>\n<p>La Teverun Fighter Mini Pro, \u00e9quip\u00e9e d&#8217;une batterie<strong> LG 60V25Ah<\/strong> et d&#8217;un syst\u00e8me de gestion intelligente <strong>BMS<\/strong>, offre une autonomie impressionnante de <strong>50 km<\/strong>. Avec ses deux moteurs positionn\u00e9s \u00e0 l&#8217;avant et \u00e0 l&#8217;arri\u00e8re, elle assure une conduite fluide et s\u00e9curis\u00e9e, compl\u00e9t\u00e9e par un syst\u00e8me de freinage \u00e0 disque hydraulique. L&#8217;\u00e9cran <strong>TFT int\u00e9gr\u00e9 avec NFC<\/strong> permet un contr\u00f4le intuitif et une s\u00e9curit\u00e9 accrue, am\u00e9liorant ainsi le confort et la commodit\u00e9 de chaque trajet.<\/p>\n<p>Les roues tubeless <strong>CST de 10&#215;3.0 pouces<\/strong> de la Fighter Mini Pro garantissent une adh\u00e9rence optimale et une r\u00e9sistance accrue, offrant une exp\u00e9rience de conduite in\u00e9gal\u00e9e sur tous types de terrains. Que vous rouliez en milieu urbain ou sur des chemins vari\u00e9s, cette trottinette vous assure des d\u00e9placements s\u00fbrs et confortables, red\u00e9finissant le voyage urbain.<\/p>\n<p>Avec une \u00e9tanch\u00e9it\u00e9 <strong>IP67<\/strong> et des suspensions hydrauliques ajustables, la Fighter Mini Pro est con\u00e7ue pour r\u00e9sister \u00e0 toutes les conditions m\u00e9t\u00e9orologiques et aux terrains accident\u00e9s. Sa puissance maximale de <strong>3360W<\/strong> assure une performance exceptionnelle tout en maintenant une conduite souple et stable. Choisir la Fighter Mini Pro, c&#8217;est opter pour une trottinette robuste, durable et pr\u00eate \u00e0 relever tous les d\u00e9fis.<\/p>\n<h1><strong>Fighter Mini Eco :<\/strong><\/h1>\n<p>La Teverun Fighter Mini Eco combine puissance et praticit\u00e9 \u00e0 un prix accessible gr\u00e2ce \u00e0 sa batterie de <strong>60V 15,6Ah<\/strong>. Reprenant les caract\u00e9ristiques de la Fighter Mini, cette version \u00e9co offre des performances remarquables sans compromettre le budget. \u00c9quip\u00e9e de deux moteurs puissants et de freins hydrauliques, elle se positionne comme une r\u00e9f\u00e9rence incontournable, rivalisant m\u00eame avec la Dualtron Mini dual.<\/p>\n<p>La Fighter Mini Eco se distingue par ses innovations techniques. Dot\u00e9e d&#8217;un smart <strong>BMS<\/strong>, elle optimise l&#8217;autonomie et r\u00e9duit les risques de pannes. Les nouveaux contr\u00f4leurs <strong>Sin Wave 58,8V 2A<\/strong> am\u00e9liorent la r\u00e9activit\u00e9 et la fiabilit\u00e9, exploitant pleinement la puissance des moteurs de 1000W chacun. Elle atteint une vitesse maximale de <strong>60 km\/h<\/strong> et offre une autonomie de <strong>35 km<\/strong>, avec<strong> un freinage hydraulique<\/strong> efficace et une suspension souple pour une exp\u00e9rience de conduite sup\u00e9rieure.<\/p>\n<p>Robuste et s\u00e9curis\u00e9e, la Fighter Mini Eco est \u00e9quip\u00e9e d&#8217;une \u00e9tanch\u00e9it\u00e9 <strong>IP67<\/strong>, la rendant r\u00e9sistante aux intemp\u00e9ries. Ses pneus tubeless de <strong>10 pouces<\/strong> et ses suspensions r\u00e9glables assurent une tenue de route irr\u00e9prochable et un confort optimal. Avec un poids de <strong>29,5 kg<\/strong>, elle est solide et maniable, parfaite pour un usage quotidien quelles que soient les conditions m\u00e9t\u00e9orologiques.<\/p>\n<\/div>\n<\/div>\n<\/div>\n<\/div>\n<div class=\"mt-1 flex gap-3 empty:hidden ml-3\">\n<div class=\"items-center justify-start rounded-xl p-1 flex\">\n<div class=\"flex items-center\"><button class=\"rounded-lg text-token-text-secondary hover:bg-token-main-surface-secondary\"><\/button><button class=\"rounded-lg text-token-text-secondary hover:bg-token-main-surface-secondary\"><br \/>\n<\/button><\/div>\n<\/div>\n<\/div>\n<h2><strong>Photo de la Teverun fighter MINI :<\/strong><\/h2>\n<p>&nbsp;<\/p>\n<p><a href=\"https:\/\/dualtron-store.com\/wp-content\/uploads\/2023\/09\/TEVERUN_FIGHTER_MINI_1-e1695983550481.jpeg\"><img loading=\"lazy\" class=\"alignnone size-medium wp-image-66816\" src=\"https:\/\/dualtron-store.com\/wp-content\/uploads\/2023\/09\/TEVERUN_FIGHTER_MINI_1-e1695983517241-300x300.jpeg\" alt=\"\" width=\"300\" height=\"300\" \/><\/a><\/p>\n<p>&nbsp;<\/p>\n<p><a href=\"https:\/\/dualtron-store.com\/wp-content\/uploads\/2023\/09\/TEVERUN_FIGHTER_MINI_3-e1695983884545.jpeg\"><img loading=\"lazy\" class=\"alignnone size-medium wp-image-66817\" src=\"https:\/\/dualtron-store.com\/wp-content\/uploads\/2023\/09\/TEVERUN_FIGHTER_MINI_3-e1695983860893-300x300.jpeg\" alt=\"\" width=\"300\" height=\"300\" \/><\/a><\/p>\n<p>&nbsp;<\/p>\n<p><a href=\"https:\/\/dualtron-store.com\/wp-content\/uploads\/2023\/09\/TEVERUN_FIGHTER_MINI_2-e1695984050870.jpeg\"><img loading=\"lazy\" class=\"alignnone size-medium wp-image-66818\" src=\"https:\/\/dualtron-store.com\/wp-content\/uploads\/2023\/09\/TEVERUN_FIGHTER_MINI_2-e1695984030268-300x300.jpeg\" alt=\"\" width=\"300\" height=\"300\" \/><\/a><\/p>\n<h2><strong>Fiche technique de la Teverun Fghter MINI<\/strong><\/h2>\n<p>&nbsp;<\/p>\n<ul>\n<li><strong>Batterie : <\/strong>52V 20,8Ah<\/li>\n<li><strong>Autonomie :\u00a0<\/strong>60 km<\/li>\n<li><strong>Vitesse Brid\u00e9e : <\/strong>25 km\/h<\/li>\n<li><strong>Vitesse D\u00e9brid\u00e9e : <\/strong>60 km\/h<\/li>\n<li><strong>Poids : <\/strong>29,5 kg<\/li>\n<li><strong>Taille d\u00e9pli\u00e9e : <\/strong>1180 \/ 650 \/ 1250 mm (L \/ l \/ h)<\/li>\n<li><strong>Taille pli\u00e9e : <\/strong>1180 \/ 650 \/ 600 mm (L \/ l \/ h)<\/li>\n<\/ul>\n<p>&nbsp;<\/p>\n<h2><strong>Fiche technique de la Teverun Fghter MINI<span style=\"color: #ff0000;\"> PRO<\/span><\/strong><\/h2>\n<p>&nbsp;<\/p>\n<ul>\n<li><strong>Batterie :<\/strong> 60V25Ah LG (smart BMS)<\/li>\n<li><strong>Autonomie :<\/strong> 80 km<\/li>\n<li><strong>Position Moteur :<\/strong> AV + AR<\/li>\n<li><strong>Freinage :<\/strong> A disque hydraulique<\/li>\n<\/ul>\n<p>&nbsp;<\/p>\n<h2><strong>Fiche technique de la Teverun Fghter MINI <span style=\"color: #339966;\">ECO<\/span><\/strong><\/h2>\n<p>&nbsp;<\/p>\n<ul>\n<li><strong>Batterie : <\/strong>52V 15,6Ah<\/li>\n<li><strong>Autonomie :\u00a0<\/strong>60 km<\/li>\n<li><strong>Vitesse Brid\u00e9e : <\/strong>25 km\/h<\/li>\n<li><strong>Vitesse D\u00e9brid\u00e9e : <\/strong>60 km\/h<\/li>\n<li><strong>Poids : <\/strong>32,65 kg<\/li>\n<li><strong>Taille d\u00e9pli\u00e9e : <\/strong>1180 x 650 x 1250 mm (L x l x h)<\/li>\n<li><strong>Taille pli\u00e9e : <\/strong>1180 x 650 x 600 mm (L x l x h)<\/li>\n<\/ul>\n<p>&nbsp;<\/p>\n<h2><strong>Pourquoi acheter la Teverun fighter MINI chez DUALTRON Store ?<\/strong><\/h2>\n<p><strong>DUALTRON Store\u00a0\u00ae\u00a0, boutique\u00a0officielle du\u00a0fabricant Minimotors,<\/strong>\u00a0dispose \u00e0 son catalogue de l&#8217;ensemble des trottinettes \u00e9lectriques Minimotors. ( Dualtron, Teverun, Futecher, Speedway, Blade, Rovoron, ) En plus de cela, on vous offre un service PREMIUM .<\/p>\n<p>Nous nous attachons \u00e0 pr\u00e9parer chaque trottinette avant remise au client. Avant exp\u00e9dition, la <strong>Teverun fighter MINI\u00a0<\/strong>sera v\u00e9rifi\u00e9e et r\u00e9gl\u00e9e en atelier suivant vos attentes (bridage ou pas, r\u00e9glage du niveau de puissance, montage d&#8217;accessoires, mise en place de pi\u00e8ces de customisation, &#8230;).<\/p>\n<p>Nous disposons de 2 boutiques physiques prestigieuses pr\u00e9sentant toute la gamme dont celle situ\u00e9e \u00e0 Paris proche de l&#8217;arc de triomphe dans la fameuse avenue de la grande arm\u00e9e ( prolongement de l&#8217;avenue des Champs Elys\u00e9es ).<\/p>\n<p><strong>Nous sommes \u00e0 votre disposition au 07 61 87 64 04 ou au 06 95 90 31 91 pour vous aider dans votre choix et\/ou r\u00e9pondre \u00e0 vos questions.<\/strong><\/p>\n<p><iframe loading=\"lazy\" title=\"TEVERUN FIGHTER MINI - TROTINETTE \u00c9LECTRIQUE\" width=\"1140\" height=\"641\" src=\"https:\/\/www.youtube.com\/embed\/RoTgN1baZbc?feature=oembed\" frameborder=\"0\" allow=\"accelerometer; autoplay; clipboard-write; encrypted-media; gyroscope; picture-in-picture; web-share\" referrerpolicy=\"strict-origin-when-cross-origin\" allowfullscreen><\/iframe><\/p>\n","protected":false},"excerpt":{"rendered":"<p><a href=\"https:\/\/dualtron-store.com\/wp-content\/uploads\/2023\/02\/Teverun-e1677098746961.png\"><img loading=\"lazy\" class=\"alignnone wp-image-57176\" src=\"https:\/\/dualtron-store.com\/wp-content\/uploads\/2023\/02\/Teverun-300x261.png\" alt=\"\" width=\"125\" height=\"109\" \/><\/a><\/p>\n<p><b>La TEVERUN fighter mini est une des meilleures trottinettes \u00e9lectriques compactes. Elle b\u00e9n\u00e9ficie d&#8217;\u00e9quipements haut de gamme pour un tarif contenu.<\/b><\/p>\n<p><strong><span style=\"color: #333399;\">Possibilit\u00e9 de paiement en 3X, 4X et 10X par Carte Bancaire sans frais et sans justificatif.<\/span><\/strong><\/p>\n<p><strong><span style=\"color: #000000;\">N&#8217;h\u00e9sitez pas \u00e0 nous contactez au 06 95 90 31 91 pour tout renseignement.<\/span><\/strong><\/p>\n","protected":false},"featured_media":66815,"comment_status":"open","ping_status":"closed","template":"","meta":{"om_disable_all_campaigns":false,"_mi_skip_tracking":false,"_monsterinsights_sitenote_active":false,"_monsterinsights_sitenote_note":"","_monsterinsights_sitenote_category":0},"product_cat":[446,20],"product_tag":[],"aioseo_notices":[],"_links":{"self":[{"href":"https:\/\/dualtron-store.com\/index.php\/wp-json\/wp\/v2\/product\/66810"}],"collection":[{"href":"https:\/\/dualtron-store.com\/index.php\/wp-json\/wp\/v2\/product"}],"about":[{"href":"https:\/\/dualtron-store.com\/index.php\/wp-json\/wp\/v2\/types\/product"}],"replies":[{"embeddable":true,"href":"https:\/\/dualtron-store.com\/index.php\/wp-json\/wp\/v2\/comments?post=66810"}],"wp:featuredmedia":[{"embeddable":true,"href":"https:\/\/dualtron-store.com\/index.php\/wp-json\/wp\/v2\/media\/66815"}],"wp:attachment":[{"href":"https:\/\/dualtron-store.com\/index.php\/wp-json\/wp\/v2\/media?parent=66810"}],"wp:term":[{"taxonomy":"product_cat","embeddable":true,"href":"https:\/\/dualtron-store.com\/index.php\/wp-json\/wp\/v2\/product_cat?post=66810"},{"taxonomy":"product_tag","embeddable":true,"href":"https:\/\/dualtron-store.com\/index.php\/wp-json\/wp\/v2\/product_tag?post=66810"}],"curies":[{"name":"wp","href":"https:\/\/api.w.org\/{rel}","templated":true}]}}