{"id":66736,"date":"2023-09-28T13:37:41","date_gmt":"2023-09-28T11:37:41","guid":{"rendered":"https:\/\/dualtron-store.com\/?post_type=product&#038;p=66736"},"modified":"2025-05-09T19:15:54","modified_gmt":"2025-05-09T17:15:54","slug":"moteur-arriere-futecher-gun-pro","status":"publish","type":"product","link":"https:\/\/dualtron-store.com\/index.php\/produit\/moteur-arriere-futecher-gun-pro\/","title":{"rendered":"Moteur arri\u00e8re Futecher Gun Pro"},"content":{"rendered":"","protected":false},"excerpt":{"rendered":"<p>Le moteur arri\u00e8re Futecher Gun Pro est une pi\u00e8ce de rechange de haute performance sp\u00e9cialement con\u00e7ue pour la trottinette \u00e9lectrique Futecher Gun Pro. Ce moteur puissant assure une acc\u00e9l\u00e9ration rapide et des vitesses \u00e9lev\u00e9es, contribuant \u00e0 une exp\u00e9rience de conduite dynamique.<\/p>\n","protected":false},"featured_media":66737,"comment_status":"open","ping_status":"closed","template":"","meta":{"om_disable_all_campaigns":false,"_mi_skip_tracking":false,"_monsterinsights_sitenote_active":false,"_monsterinsights_sitenote_note":"","_monsterinsights_sitenote_category":0},"product_cat":[324,18],"product_tag":[],"aioseo_notices":[],"_links":{"self":[{"href":"https:\/\/dualtron-store.com\/index.php\/wp-json\/wp\/v2\/product\/66736"}],"collection":[{"href":"https:\/\/dualtron-store.com\/index.php\/wp-json\/wp\/v2\/product"}],"about":[{"href":"https:\/\/dualtron-store.com\/index.php\/wp-json\/wp\/v2\/types\/product"}],"replies":[{"embeddable":true,"href":"https:\/\/dualtron-store.com\/index.php\/wp-json\/wp\/v2\/comments?post=66736"}],"wp:featuredmedia":[{"embeddable":true,"href":"https:\/\/dualtron-store.com\/index.php\/wp-json\/wp\/v2\/media\/66737"}],"wp:attachment":[{"href":"https:\/\/dualtron-store.com\/index.php\/wp-json\/wp\/v2\/media?parent=66736"}],"wp:term":[{"taxonomy":"product_cat","embeddable":true,"href":"https:\/\/dualtron-store.com\/index.php\/wp-json\/wp\/v2\/product_cat?post=66736"},{"taxonomy":"product_tag","embeddable":true,"href":"https:\/\/dualtron-store.com\/index.php\/wp-json\/wp\/v2\/product_tag?post=66736"}],"curies":[{"name":"wp","href":"https:\/\/api.w.org\/{rel}","templated":true}]}}