{"id":66004,"date":"2023-09-10T18:14:21","date_gmt":"2023-09-10T16:14:21","guid":{"rendered":"https:\/\/dualtron-store.com\/?post_type=product&#038;p=66004"},"modified":"2026-04-08T08:40:45","modified_gmt":"2026-04-08T06:40:45","slug":"gaine-thermoretractable","status":"publish","type":"product","link":"https:\/\/dualtron-store.com\/index.php\/produit\/gaine-thermoretractable\/","title":{"rendered":"Gaine Thermor\u00e9tractable"},"content":{"rendered":"<p>Quantit\u00e9-Diam\u00e8tre x Longueur (Couleur)<br \/>\n80 pi\u00e8ces-1.5x45mm (Jaune)<br \/>\n80 pi\u00e8ces-2.0x45mm (Bleu)<br \/>\n80 pi\u00e8ces-2.0x45mm (Noir)<br \/>\n60 pi\u00e8ces-3.0x45mm (Vert)<br \/>\n50 pi\u00e8ces-4.0x45mm (Rouge)<br \/>\n50 pi\u00e8ces-4.0x45mm (Noir)<br \/>\n30 pi\u00e8ces-5.0x45mm (Noir)<br \/>\n20 pi\u00e8ces-6.0x45mm (jaune)<br \/>\n20 pi\u00e8ces-8.0x45mm (Rouge)<br \/>\n20 pi\u00e8ces-10.0x45mm (Vert)<br \/>\n20 pi\u00e8ces-10.0x45mm (Bleu)<br \/>\n20 pi\u00e8ces-10.0x45mm (Noir)<\/p>\n","protected":false},"excerpt":{"rendered":"<p>Quantit\u00e9-Diam\u00e8tre x Longueur (Couleur) 80 pi\u00e8ces-1.5x45mm (Jaune) 80 pi\u00e8ces-2.0x45mm (Bleu) 80 pi\u00e8ces-2.0x45mm (Noir) 60 pi\u00e8ces-3.0x45mm (Vert) 50 pi\u00e8ces-4.0x45mm (Rouge) 50 pi\u00e8ces-4.0x45mm (Noir) 30 pi\u00e8ces-5.0x45mm (Noir) 20 pi\u00e8ces-6.0x45mm (jaune) 20 pi\u00e8ces-8.0x45mm (Rouge) 20 pi\u00e8ces-10.0x45mm (Vert) 20 pi\u00e8ces-10.0x45mm (Bleu) 20 pi\u00e8ces-10.0x45mm (Noir)<\/p>\n","protected":false},"featured_media":66005,"comment_status":"open","ping_status":"closed","template":"","meta":{"om_disable_all_campaigns":false,"_mi_skip_tracking":false,"_monsterinsights_sitenote_active":false,"_monsterinsights_sitenote_note":"","_monsterinsights_sitenote_category":0},"product_cat":[17],"product_tag":[],"aioseo_notices":[],"_links":{"self":[{"href":"https:\/\/dualtron-store.com\/index.php\/wp-json\/wp\/v2\/product\/66004"}],"collection":[{"href":"https:\/\/dualtron-store.com\/index.php\/wp-json\/wp\/v2\/product"}],"about":[{"href":"https:\/\/dualtron-store.com\/index.php\/wp-json\/wp\/v2\/types\/product"}],"replies":[{"embeddable":true,"href":"https:\/\/dualtron-store.com\/index.php\/wp-json\/wp\/v2\/comments?post=66004"}],"wp:featuredmedia":[{"embeddable":true,"href":"https:\/\/dualtron-store.com\/index.php\/wp-json\/wp\/v2\/media\/66005"}],"wp:attachment":[{"href":"https:\/\/dualtron-store.com\/index.php\/wp-json\/wp\/v2\/media?parent=66004"}],"wp:term":[{"taxonomy":"product_cat","embeddable":true,"href":"https:\/\/dualtron-store.com\/index.php\/wp-json\/wp\/v2\/product_cat?post=66004"},{"taxonomy":"product_tag","embeddable":true,"href":"https:\/\/dualtron-store.com\/index.php\/wp-json\/wp\/v2\/product_tag?post=66004"}],"curies":[{"name":"wp","href":"https:\/\/api.w.org\/{rel}","templated":true}]}}