{"id":65302,"date":"2023-08-26T18:03:03","date_gmt":"2023-08-26T16:03:03","guid":{"rendered":"https:\/\/dualtron-store.com\/index.php\/produit\/pneu-tubeless-dualtron-3-et-speedway-5\/"},"modified":"2026-04-07T20:09:01","modified_gmt":"2026-04-07T18:09:01","slug":"pneu-tubeless-dualtron-3-et-speedway-5","status":"publish","type":"product","link":"https:\/\/dualtron-store.com\/index.php\/produit\/pneu-tubeless-dualtron-3-et-speedway-5\/","title":{"rendered":"Pneu tubeless Dualtron 3 et Speedway 5"},"content":{"rendered":"","protected":false},"excerpt":{"rendered":"<p><strong>Le pneu tubeless Dualtron 3 et Speedway 5<\/strong> est une option de remplacement de haute qualit\u00e9 con\u00e7ue sp\u00e9cifiquement pour les trottinettes \u00e9lectriques Dualtron 3 et Speedway 5. Fabriqu\u00e9 avec des mat\u00e9riaux durables et r\u00e9sistants, ce pneu offre une adh\u00e9rence exceptionnelle et une durabilit\u00e9 accrue, adapt\u00e9e aux exigences de la conduite \u00e9lectrique haute performance.<\/p>\n","protected":false},"featured_media":86436,"comment_status":"open","ping_status":"closed","template":"","meta":{"om_disable_all_campaigns":false,"_mi_skip_tracking":false,"_monsterinsights_sitenote_active":false,"_monsterinsights_sitenote_note":"","_monsterinsights_sitenote_category":0},"product_cat":[275,18,51,52],"product_tag":[],"aioseo_notices":[],"_links":{"self":[{"href":"https:\/\/dualtron-store.com\/index.php\/wp-json\/wp\/v2\/product\/65302"}],"collection":[{"href":"https:\/\/dualtron-store.com\/index.php\/wp-json\/wp\/v2\/product"}],"about":[{"href":"https:\/\/dualtron-store.com\/index.php\/wp-json\/wp\/v2\/types\/product"}],"replies":[{"embeddable":true,"href":"https:\/\/dualtron-store.com\/index.php\/wp-json\/wp\/v2\/comments?post=65302"}],"wp:featuredmedia":[{"embeddable":true,"href":"https:\/\/dualtron-store.com\/index.php\/wp-json\/wp\/v2\/media\/86436"}],"wp:attachment":[{"href":"https:\/\/dualtron-store.com\/index.php\/wp-json\/wp\/v2\/media?parent=65302"}],"wp:term":[{"taxonomy":"product_cat","embeddable":true,"href":"https:\/\/dualtron-store.com\/index.php\/wp-json\/wp\/v2\/product_cat?post=65302"},{"taxonomy":"product_tag","embeddable":true,"href":"https:\/\/dualtron-store.com\/index.php\/wp-json\/wp\/v2\/product_tag?post=65302"}],"curies":[{"name":"wp","href":"https:\/\/api.w.org\/{rel}","templated":true}]}}