{"id":64804,"date":"2023-08-12T09:52:17","date_gmt":"2023-08-12T07:52:17","guid":{"rendered":"https:\/\/dualtron-store.com\/?post_type=product&#038;p=64804"},"modified":"2026-02-03T23:22:56","modified_gmt":"2026-02-03T22:22:56","slug":"plaquettes-de-frein-pour-etrier-nutt-4-pistons","status":"publish","type":"product","link":"https:\/\/dualtron-store.com\/index.php\/produit\/plaquettes-de-frein-pour-etrier-nutt-4-pistons\/","title":{"rendered":"Plaquettes de frein pour \u00e9trier Nutt 4 pistons"},"content":{"rendered":"<p>Plaquettes de frein compatible Dualtron Thunder 3, Dualtron X Limited.<\/p>\n<p>(Vendu par paire)<\/p>\n<p>&nbsp;<\/p>\n<p><iframe loading=\"lazy\" title=\"Etrier Nutt 4 pistons - Plaquettes de frein Dualtron Thunder 3 \/ X Limited - Trottinette \u00e9lectrique\" width=\"1140\" height=\"641\" src=\"https:\/\/www.youtube.com\/embed\/FpKnpvhA5FU?feature=oembed\" frameborder=\"0\" allow=\"accelerometer; autoplay; clipboard-write; encrypted-media; gyroscope; picture-in-picture; web-share\" allowfullscreen><\/iframe><\/p>\n<p>&nbsp;<\/p>\n<p>&nbsp;<\/p>\n","protected":false},"excerpt":{"rendered":"<p>Les plaquettes de frein pour \u00e9trier Nutt 4 pistons sont des pi\u00e8ces de rechange haut de gamme con\u00e7ues pour offrir une performance de freinage optimale. Sp\u00e9cifiquement adapt\u00e9es aux \u00e9triers \u00e0 quatre pistons de la marque Nutt, ces plaquettes sont fabriqu\u00e9es avec des mat\u00e9riaux de qualit\u00e9 sup\u00e9rieure pour assurer une adh\u00e9rence fiable et une durabilit\u00e9 accrue.<\/p>\n<p><strong>(vendu par Paire)<\/strong><\/p>\n<p><strong>compatible Thunder 3, X Limited<\/strong><\/p>\n","protected":false},"featured_media":64808,"comment_status":"open","ping_status":"closed","template":"","meta":{"om_disable_all_campaigns":false,"_mi_skip_tracking":false,"_monsterinsights_sitenote_active":false,"_monsterinsights_sitenote_note":"","_monsterinsights_sitenote_category":0},"product_cat":[734,525,527,18,51],"product_tag":[523,524],"aioseo_notices":[],"_links":{"self":[{"href":"https:\/\/dualtron-store.com\/index.php\/wp-json\/wp\/v2\/product\/64804"}],"collection":[{"href":"https:\/\/dualtron-store.com\/index.php\/wp-json\/wp\/v2\/product"}],"about":[{"href":"https:\/\/dualtron-store.com\/index.php\/wp-json\/wp\/v2\/types\/product"}],"replies":[{"embeddable":true,"href":"https:\/\/dualtron-store.com\/index.php\/wp-json\/wp\/v2\/comments?post=64804"}],"wp:featuredmedia":[{"embeddable":true,"href":"https:\/\/dualtron-store.com\/index.php\/wp-json\/wp\/v2\/media\/64808"}],"wp:attachment":[{"href":"https:\/\/dualtron-store.com\/index.php\/wp-json\/wp\/v2\/media?parent=64804"}],"wp:term":[{"taxonomy":"product_cat","embeddable":true,"href":"https:\/\/dualtron-store.com\/index.php\/wp-json\/wp\/v2\/product_cat?post=64804"},{"taxonomy":"product_tag","embeddable":true,"href":"https:\/\/dualtron-store.com\/index.php\/wp-json\/wp\/v2\/product_tag?post=64804"}],"curies":[{"name":"wp","href":"https:\/\/api.w.org\/{rel}","templated":true}]}}