{"id":64619,"date":"2023-08-10T17:24:10","date_gmt":"2023-08-10T15:24:10","guid":{"rendered":"https:\/\/dualtron-store.com\/?post_type=product&#038;p=64619"},"modified":"2023-11-01T14:39:14","modified_gmt":"2023-11-01T13:39:14","slug":"casque-trial-mt-helmet-streetfighter-sv-b-p1r","status":"publish","type":"product","link":"https:\/\/dualtron-store.com\/index.php\/produit\/casque-trial-mt-helmet-streetfighter-sv-b-p1r\/","title":{"rendered":"Casque Trial MT Helmet Streetfighter SV P1R"},"content":{"rendered":"","protected":false},"excerpt":{"rendered":"<p><a href=\"https:\/\/dualtron-store.com\/wp-content\/uploads\/2021\/01\/logo-MT.png\"><img loading=\"lazy\" class=\"alignnone wp-image-30869\" src=\"https:\/\/dualtron-store.com\/wp-content\/uploads\/2021\/01\/logo-MT-279x300.png\" alt=\"\" width=\"56\" height=\"60\" \/> \u00a0 \u00a0 <\/a><\/p>\n<p>&nbsp;<\/p>\n<p>Casque Trial MT Helmet Streetfighter SV P1R. Ventil\u00e9 avec simple avec \u00e9cran fum\u00e9 transformable avec mentonni\u00e8re amovible. Livr\u00e9 avec un \u00e9cran suppl\u00e9mentaire miroir.<\/p>\n<p>Disponible en plusieurs coloris mat, de <strong>taille XS (53CM) \u00e0 2XL (63CM)<\/strong> \u00a0.<\/p>\n<p>&nbsp;<\/p>\n<p>Homologu\u00e9\u00a0<strong>ECE 22.06.<\/strong><\/p>\n","protected":false},"featured_media":0,"comment_status":"open","ping_status":"closed","template":"","meta":{"om_disable_all_campaigns":false,"_mi_skip_tracking":false,"_monsterinsights_sitenote_active":false,"_monsterinsights_sitenote_note":"","_monsterinsights_sitenote_category":0},"product_cat":[17],"product_tag":[],"aioseo_notices":[],"_links":{"self":[{"href":"https:\/\/dualtron-store.com\/index.php\/wp-json\/wp\/v2\/product\/64619"}],"collection":[{"href":"https:\/\/dualtron-store.com\/index.php\/wp-json\/wp\/v2\/product"}],"about":[{"href":"https:\/\/dualtron-store.com\/index.php\/wp-json\/wp\/v2\/types\/product"}],"replies":[{"embeddable":true,"href":"https:\/\/dualtron-store.com\/index.php\/wp-json\/wp\/v2\/comments?post=64619"}],"wp:attachment":[{"href":"https:\/\/dualtron-store.com\/index.php\/wp-json\/wp\/v2\/media?parent=64619"}],"wp:term":[{"taxonomy":"product_cat","embeddable":true,"href":"https:\/\/dualtron-store.com\/index.php\/wp-json\/wp\/v2\/product_cat?post=64619"},{"taxonomy":"product_tag","embeddable":true,"href":"https:\/\/dualtron-store.com\/index.php\/wp-json\/wp\/v2\/product_tag?post=64619"}],"curies":[{"name":"wp","href":"https:\/\/api.w.org\/{rel}","templated":true}]}}