{"id":64349,"date":"2023-08-07T20:07:08","date_gmt":"2023-08-07T18:07:08","guid":{"rendered":"https:\/\/dualtron-store.com\/?post_type=product&#038;p=64349"},"modified":"2026-03-27T17:06:03","modified_gmt":"2026-03-27T16:06:03","slug":"lampe-led-phare-1200-lumens","status":"publish","type":"product","link":"https:\/\/dualtron-store.com\/index.php\/produit\/lampe-led-phare-1200-lumens\/","title":{"rendered":"Lampe &#8211; Phare \u00e0 led 1200 lumens \u00e0 3250 lumens"},"content":{"rendered":"<div class=\"flex-1 overflow-hidden\">\n<div class=\"react-scroll-to-bottom--css-pfrno-79elbk h-full dark:bg-gray-800\">\n<div class=\"react-scroll-to-bottom--css-pfrno-1n7m0yu\">\n<div class=\"flex flex-col text-sm dark:bg-gray-800\">\n<div class=\"group w-full text-token-text-primary border-b border-black\/10 dark:border-gray-900\/50 bg-gray-50 dark:bg-[#444654] pin\">\n<div class=\"flex p-4 gap-4 text-base md:gap-6 md:max-w-2xl lg:max-w-[38rem] xl:max-w-3xl md:py-6 lg:px-0 m-auto\">\n<div class=\"relative flex w-[calc(100%-50px)] flex-col gap-1 md:gap-3 lg:w-[calc(100%-115px)]\">\n<div class=\"flex flex-grow flex-col gap-3\">\n<div class=\"min-h-[20px] flex flex-col items-start gap-3 overflow-x-auto whitespace-pre-wrap break-words\">\n<div class=\"markdown prose w-full break-words dark:prose-invert light\">\n<p><strong>D\u00e9couvrez notre nouveau Phare \u00e0 Led 1200 lumens pour trottinette \u00e9lectrique !<\/strong><\/p>\n<p>Vous \u00eates passionn\u00e9 de trottinette \u00e9lectrique et notamment des mod\u00e8les Dualtron de Minimotors ? Nous avons le produit parfait pour vous. Notre tout nouveau Phare Led puissant est con\u00e7u sp\u00e9cialement pour un \u00e9clairage de qualit\u00e9. Avec sa luminosit\u00e9 exceptionnelle, il \u00e9claire la nuit comme si c&#8217;\u00e9tait le jour, vous offrant une visibilit\u00e9 optimale lors de vos trajets nocturnes.<\/p>\n<p>Mais ce n&#8217;est pas tout ! En plus d&#8217;offrir un \u00e9clairage d&#8217;excellence, ce phare ajoute une s\u00e9curit\u00e9 en plus \u00e0 votre trottinette. Fini les trajets nocturnes incertains, avec notre Phare Led, vous serez toujours visible, r\u00e9duisant ainsi les risques d&#8217;accidents.<\/p>\n<p><strong>Petit plus : si vous commandez le Phare Led en m\u00eame temps que votre trottinette, nous pouvons l&#8217;installer pour vous au moment de la pr\u00e9paration de votre trottinette.<\/strong><\/p>\n<p><iframe loading=\"lazy\" title=\"Test nouvelle lampe pour trottinette \u00e9lectrique v\u00e9lo\" width=\"1140\" height=\"641\" src=\"https:\/\/www.youtube.com\/embed\/LZQGb-ZZjo0?feature=oembed\" frameborder=\"0\" allow=\"accelerometer; autoplay; clipboard-write; encrypted-media; gyroscope; picture-in-picture; web-share\" referrerpolicy=\"strict-origin-when-cross-origin\" allowfullscreen><\/iframe><\/p>\n<\/div>\n<\/div>\n<\/div>\n<\/div>\n<\/div>\n<\/div>\n<\/div>\n<\/div>\n<\/div>\n<\/div>\n","protected":false},"excerpt":{"rendered":"<p>D\u00e9couvrez notre nouveau Phare \u00e0 Led 1200 lumens pour trottinette \u00e9lectrique ! Vous \u00eates passionn\u00e9 de trottinette \u00e9lectrique et notamment des mod\u00e8les Dualtron de Minimotors ? Nous avons le produit parfait pour vous. Notre tout nouveau Phare Led puissant est con\u00e7u sp\u00e9cialement pour un \u00e9clairage de qualit\u00e9. Avec sa luminosit\u00e9 exceptionnelle, il \u00e9claire la nuit [&hellip;]<\/p>\n","protected":false},"featured_media":86671,"comment_status":"open","ping_status":"closed","template":"","meta":{"om_disable_all_campaigns":false,"_mi_skip_tracking":false,"_monsterinsights_sitenote_active":false,"_monsterinsights_sitenote_note":"","_monsterinsights_sitenote_category":0},"product_cat":[18,17],"product_tag":[],"aioseo_notices":[],"_links":{"self":[{"href":"https:\/\/dualtron-store.com\/index.php\/wp-json\/wp\/v2\/product\/64349"}],"collection":[{"href":"https:\/\/dualtron-store.com\/index.php\/wp-json\/wp\/v2\/product"}],"about":[{"href":"https:\/\/dualtron-store.com\/index.php\/wp-json\/wp\/v2\/types\/product"}],"replies":[{"embeddable":true,"href":"https:\/\/dualtron-store.com\/index.php\/wp-json\/wp\/v2\/comments?post=64349"}],"wp:featuredmedia":[{"embeddable":true,"href":"https:\/\/dualtron-store.com\/index.php\/wp-json\/wp\/v2\/media\/86671"}],"wp:attachment":[{"href":"https:\/\/dualtron-store.com\/index.php\/wp-json\/wp\/v2\/media?parent=64349"}],"wp:term":[{"taxonomy":"product_cat","embeddable":true,"href":"https:\/\/dualtron-store.com\/index.php\/wp-json\/wp\/v2\/product_cat?post=64349"},{"taxonomy":"product_tag","embeddable":true,"href":"https:\/\/dualtron-store.com\/index.php\/wp-json\/wp\/v2\/product_tag?post=64349"}],"curies":[{"name":"wp","href":"https:\/\/api.w.org\/{rel}","templated":true}]}}