{"id":64180,"date":"2023-08-04T14:31:45","date_gmt":"2023-08-04T12:31:45","guid":{"rendered":"https:\/\/dualtron-store.com\/?post_type=product&#038;p=64180"},"modified":"2024-06-03T10:24:42","modified_gmt":"2024-06-03T08:24:42","slug":"controleur-b-compatible-teverun-fighter-ten-ten","status":"publish","type":"product","link":"https:\/\/dualtron-store.com\/index.php\/produit\/controleur-b-compatible-teverun-fighter-ten-ten\/","title":{"rendered":"Controleur Teverun Fighter Ten \/ Ten+"},"content":{"rendered":"","protected":false},"excerpt":{"rendered":"<p>Le contr\u00f4leur <strong>compatible avec le Teverun Fighter Ten\/Ten+<\/strong> est une pi\u00e8ce d&#8217;origine de qualit\u00e9, sp\u00e9cialement con\u00e7ue pour les trottinettes \u00e9lectriques Teverun Fighter Ten et Ten+. Ce contr\u00f4leur offre une gestion \u00e9lectronique avanc\u00e9e du syst\u00e8me, permettant un contr\u00f4le pr\u00e9cis et efficace de la puissance du moteur.<\/p>\n","protected":false},"featured_media":64181,"comment_status":"open","ping_status":"closed","template":"","meta":{"om_disable_all_campaigns":false,"_mi_skip_tracking":false,"_monsterinsights_sitenote_active":false,"_monsterinsights_sitenote_note":"","_monsterinsights_sitenote_category":0},"product_cat":[580,18],"product_tag":[],"aioseo_notices":[],"_links":{"self":[{"href":"https:\/\/dualtron-store.com\/index.php\/wp-json\/wp\/v2\/product\/64180"}],"collection":[{"href":"https:\/\/dualtron-store.com\/index.php\/wp-json\/wp\/v2\/product"}],"about":[{"href":"https:\/\/dualtron-store.com\/index.php\/wp-json\/wp\/v2\/types\/product"}],"replies":[{"embeddable":true,"href":"https:\/\/dualtron-store.com\/index.php\/wp-json\/wp\/v2\/comments?post=64180"}],"wp:featuredmedia":[{"embeddable":true,"href":"https:\/\/dualtron-store.com\/index.php\/wp-json\/wp\/v2\/media\/64181"}],"wp:attachment":[{"href":"https:\/\/dualtron-store.com\/index.php\/wp-json\/wp\/v2\/media?parent=64180"}],"wp:term":[{"taxonomy":"product_cat","embeddable":true,"href":"https:\/\/dualtron-store.com\/index.php\/wp-json\/wp\/v2\/product_cat?post=64180"},{"taxonomy":"product_tag","embeddable":true,"href":"https:\/\/dualtron-store.com\/index.php\/wp-json\/wp\/v2\/product_tag?post=64180"}],"curies":[{"name":"wp","href":"https:\/\/api.w.org\/{rel}","templated":true}]}}