{"id":64178,"date":"2023-08-04T14:12:59","date_gmt":"2023-08-04T12:12:59","guid":{"rendered":"https:\/\/dualtron-store.com\/?post_type=product&#038;p=64178"},"modified":"2025-03-10T09:12:21","modified_gmt":"2025-03-10T08:12:21","slug":"suspension-teverun-fighter","status":"publish","type":"product","link":"https:\/\/dualtron-store.com\/index.php\/produit\/suspension-teverun-fighter\/","title":{"rendered":"Suspension Teverun Fighter"},"content":{"rendered":"","protected":false},"excerpt":{"rendered":"<p>La suspension Teverun Fighter est une pi\u00e8ce d&#8217;origine con\u00e7ue sp\u00e9cifiquement pour les trottinettes \u00e9lectriques Teverun Fighter. Cette suspension offre un amorti efficace pour assurer une conduite confortable m\u00eame sur des surfaces irr\u00e9guli\u00e8res.<\/p>\n<p><strong>Suspension Teverun Fighter compatible Teverun Fighter Ten, Ten+, 11, 11+, Supreme, 7260R<\/strong><\/p>\n<p><strong>(vendu a l&#8217;unit\u00e9)<\/strong><\/p>\n<p>&nbsp;<\/p>\n","protected":false},"featured_media":64179,"comment_status":"open","ping_status":"closed","template":"","meta":{"om_disable_all_campaigns":false,"_mi_skip_tracking":false,"_monsterinsights_sitenote_active":false,"_monsterinsights_sitenote_note":"","_monsterinsights_sitenote_category":0},"product_cat":[580,18],"product_tag":[],"aioseo_notices":[],"_links":{"self":[{"href":"https:\/\/dualtron-store.com\/index.php\/wp-json\/wp\/v2\/product\/64178"}],"collection":[{"href":"https:\/\/dualtron-store.com\/index.php\/wp-json\/wp\/v2\/product"}],"about":[{"href":"https:\/\/dualtron-store.com\/index.php\/wp-json\/wp\/v2\/types\/product"}],"replies":[{"embeddable":true,"href":"https:\/\/dualtron-store.com\/index.php\/wp-json\/wp\/v2\/comments?post=64178"}],"wp:featuredmedia":[{"embeddable":true,"href":"https:\/\/dualtron-store.com\/index.php\/wp-json\/wp\/v2\/media\/64179"}],"wp:attachment":[{"href":"https:\/\/dualtron-store.com\/index.php\/wp-json\/wp\/v2\/media?parent=64178"}],"wp:term":[{"taxonomy":"product_cat","embeddable":true,"href":"https:\/\/dualtron-store.com\/index.php\/wp-json\/wp\/v2\/product_cat?post=64178"},{"taxonomy":"product_tag","embeddable":true,"href":"https:\/\/dualtron-store.com\/index.php\/wp-json\/wp\/v2\/product_tag?post=64178"}],"curies":[{"name":"wp","href":"https:\/\/api.w.org\/{rel}","templated":true}]}}