{"id":64176,"date":"2023-08-04T14:09:25","date_gmt":"2023-08-04T12:09:25","guid":{"rendered":"https:\/\/dualtron-store.com\/?post_type=product&#038;p=64176"},"modified":"2026-01-21T08:41:19","modified_gmt":"2026-01-21T07:41:19","slug":"lecteur-nfc-cartes-compatible-teverun-fighter","status":"publish","type":"product","link":"https:\/\/dualtron-store.com\/index.php\/produit\/lecteur-nfc-cartes-compatible-teverun-fighter\/","title":{"rendered":"Lecteur NFC + cartes Compatible Teverun Fighter"},"content":{"rendered":"","protected":false},"excerpt":{"rendered":"<p>Le lecteur NFC et les cartes compatibles avec le Teverun Fighter offrent une solution pratique pour la gestion de votre trottinette \u00e9lectrique. Con\u00e7u sp\u00e9cifiquement pour le mod\u00e8le Teverun Fighter, ce syst\u00e8me utilise la technologie NFC pour permettre un acc\u00e8s facile et s\u00e9curis\u00e9 \u00e0 certaines fonctionnalit\u00e9s de la trottinette.<\/p>\n<p><strong>Lecteur NFC + cartes Compatible Teverun Fighter<\/strong><\/p>\n<p><strong>(fournis avec 2 cartes)<\/strong><\/p>\n<p><strong>Compatible Teverun Fighter Ten, Ten+, 11, 11+, Supreme, 7260R<\/strong><\/p>\n","protected":false},"featured_media":64177,"comment_status":"open","ping_status":"closed","template":"","meta":{"om_disable_all_campaigns":false,"_mi_skip_tracking":false,"_monsterinsights_sitenote_active":false,"_monsterinsights_sitenote_note":"","_monsterinsights_sitenote_category":0},"product_cat":[580,18],"product_tag":[],"aioseo_notices":[],"_links":{"self":[{"href":"https:\/\/dualtron-store.com\/index.php\/wp-json\/wp\/v2\/product\/64176"}],"collection":[{"href":"https:\/\/dualtron-store.com\/index.php\/wp-json\/wp\/v2\/product"}],"about":[{"href":"https:\/\/dualtron-store.com\/index.php\/wp-json\/wp\/v2\/types\/product"}],"replies":[{"embeddable":true,"href":"https:\/\/dualtron-store.com\/index.php\/wp-json\/wp\/v2\/comments?post=64176"}],"wp:featuredmedia":[{"embeddable":true,"href":"https:\/\/dualtron-store.com\/index.php\/wp-json\/wp\/v2\/media\/64177"}],"wp:attachment":[{"href":"https:\/\/dualtron-store.com\/index.php\/wp-json\/wp\/v2\/media?parent=64176"}],"wp:term":[{"taxonomy":"product_cat","embeddable":true,"href":"https:\/\/dualtron-store.com\/index.php\/wp-json\/wp\/v2\/product_cat?post=64176"},{"taxonomy":"product_tag","embeddable":true,"href":"https:\/\/dualtron-store.com\/index.php\/wp-json\/wp\/v2\/product_tag?post=64176"}],"curies":[{"name":"wp","href":"https:\/\/api.w.org\/{rel}","templated":true}]}}