{"id":64172,"date":"2023-08-04T14:01:03","date_gmt":"2023-08-04T12:01:03","guid":{"rendered":"https:\/\/dualtron-store.com\/?post_type=product&#038;p=64172"},"modified":"2026-04-05T20:08:06","modified_gmt":"2026-04-05T18:08:06","slug":"led-colonne-teverun-fighter","status":"publish","type":"product","link":"https:\/\/dualtron-store.com\/index.php\/produit\/led-colonne-teverun-fighter\/","title":{"rendered":"Led colonne Teverun Fighter"},"content":{"rendered":"","protected":false},"excerpt":{"rendered":"<p>Les LED Colonne Teverun Fighter sont un accessoire lumineux con\u00e7u pour apporter une esth\u00e9tique futuriste et une visibilit\u00e9 accrue \u00e0 votre trottinette \u00e9lectrique Teverun Fighter. Sp\u00e9cifiquement adapt\u00e9es au mod\u00e8le, ces colonnes LED ajoutent une touche de style dynamique \u00e0 votre trottinette, am\u00e9liorant ainsi sa pr\u00e9sence visuelle sur la route.<\/p>\n<p><strong>Led colonne compatible Teverun Fighter Ten, Ten+, 11, 11+, Supreme, 7260R<\/strong><\/p>\n<p><strong>(vendu \u00e0 l&#8217;unit\u00e9)<\/strong><\/p>\n<h1><\/h1>\n","protected":false},"featured_media":64173,"comment_status":"open","ping_status":"closed","template":"","meta":{"om_disable_all_campaigns":false,"_mi_skip_tracking":false,"_monsterinsights_sitenote_active":false,"_monsterinsights_sitenote_note":"","_monsterinsights_sitenote_category":0},"product_cat":[580,631,630],"product_tag":[],"aioseo_notices":[],"_links":{"self":[{"href":"https:\/\/dualtron-store.com\/index.php\/wp-json\/wp\/v2\/product\/64172"}],"collection":[{"href":"https:\/\/dualtron-store.com\/index.php\/wp-json\/wp\/v2\/product"}],"about":[{"href":"https:\/\/dualtron-store.com\/index.php\/wp-json\/wp\/v2\/types\/product"}],"replies":[{"embeddable":true,"href":"https:\/\/dualtron-store.com\/index.php\/wp-json\/wp\/v2\/comments?post=64172"}],"wp:featuredmedia":[{"embeddable":true,"href":"https:\/\/dualtron-store.com\/index.php\/wp-json\/wp\/v2\/media\/64173"}],"wp:attachment":[{"href":"https:\/\/dualtron-store.com\/index.php\/wp-json\/wp\/v2\/media?parent=64172"}],"wp:term":[{"taxonomy":"product_cat","embeddable":true,"href":"https:\/\/dualtron-store.com\/index.php\/wp-json\/wp\/v2\/product_cat?post=64172"},{"taxonomy":"product_tag","embeddable":true,"href":"https:\/\/dualtron-store.com\/index.php\/wp-json\/wp\/v2\/product_tag?post=64172"}],"curies":[{"name":"wp","href":"https:\/\/api.w.org\/{rel}","templated":true}]}}