{"id":63898,"date":"2023-07-30T21:41:24","date_gmt":"2023-07-30T19:41:24","guid":{"rendered":"https:\/\/dualtron-store.com\/index.php\/produit\/roue-complete-dualtron-3-et-speedway-5\/"},"modified":"2026-04-23T15:25:18","modified_gmt":"2026-04-23T13:25:18","slug":"roue-complete-dualtron-3-et-speedway-5","status":"publish","type":"product","link":"https:\/\/dualtron-store.com\/index.php\/produit\/roue-complete-dualtron-3-et-speedway-5\/","title":{"rendered":"roue compl\u00e8te Dualtron 3 et Speedway 5"},"content":{"rendered":"","protected":false},"excerpt":{"rendered":"<p><strong>La roue compl\u00e8te Dualtron 3 et Speedway 5<\/strong> est une solution de remplacement compl\u00e8te, offrant praticit\u00e9 et performance pour les trottinettes \u00e9lectriques Dualtron 3 et Speedway 5. Cette roue pr\u00e9-assembl\u00e9e comprend un pneu de haute qualit\u00e9 et une jante adapt\u00e9e, garantissant une installation simple et rapide.<\/p>\n","protected":false},"featured_media":86701,"comment_status":"open","ping_status":"closed","template":"","meta":{"om_disable_all_campaigns":false,"_mi_skip_tracking":false,"_monsterinsights_sitenote_active":false,"_monsterinsights_sitenote_note":"","_monsterinsights_sitenote_category":0},"product_cat":[346,275,325,613,282,18,51,52],"product_tag":[],"aioseo_notices":[],"_links":{"self":[{"href":"https:\/\/dualtron-store.com\/index.php\/wp-json\/wp\/v2\/product\/63898"}],"collection":[{"href":"https:\/\/dualtron-store.com\/index.php\/wp-json\/wp\/v2\/product"}],"about":[{"href":"https:\/\/dualtron-store.com\/index.php\/wp-json\/wp\/v2\/types\/product"}],"replies":[{"embeddable":true,"href":"https:\/\/dualtron-store.com\/index.php\/wp-json\/wp\/v2\/comments?post=63898"}],"wp:featuredmedia":[{"embeddable":true,"href":"https:\/\/dualtron-store.com\/index.php\/wp-json\/wp\/v2\/media\/86701"}],"wp:attachment":[{"href":"https:\/\/dualtron-store.com\/index.php\/wp-json\/wp\/v2\/media?parent=63898"}],"wp:term":[{"taxonomy":"product_cat","embeddable":true,"href":"https:\/\/dualtron-store.com\/index.php\/wp-json\/wp\/v2\/product_cat?post=63898"},{"taxonomy":"product_tag","embeddable":true,"href":"https:\/\/dualtron-store.com\/index.php\/wp-json\/wp\/v2\/product_tag?post=63898"}],"curies":[{"name":"wp","href":"https:\/\/api.w.org\/{rel}","templated":true}]}}