{"id":63825,"date":"2023-07-29T16:59:27","date_gmt":"2023-07-29T14:59:27","guid":{"rendered":"https:\/\/dualtron-store.com\/?post_type=product&#038;p=63825"},"modified":"2023-09-21T14:12:32","modified_gmt":"2023-09-21T12:12:32","slug":"casque-trial-mt-streetfighter-sv-skull","status":"publish","type":"product","link":"https:\/\/dualtron-store.com\/index.php\/produit\/casque-trial-mt-streetfighter-sv-skull\/","title":{"rendered":"Casque Trial MT Streetfighter SV Skull"},"content":{"rendered":"","protected":false},"excerpt":{"rendered":"<p>Casque trial MT Streetfighter SV Skull couleur blanc\/orange mat avec simple \u00e9cran fum\u00e9 transformable avec mentonni\u00e8re amovible. Livr\u00e9 avec un \u00e9cran suppl\u00e9mentaire miroir.<\/p>\n","protected":false},"featured_media":0,"comment_status":"open","ping_status":"closed","template":"","meta":{"om_disable_all_campaigns":false,"_mi_skip_tracking":false,"_monsterinsights_sitenote_active":false,"_monsterinsights_sitenote_note":"","_monsterinsights_sitenote_category":0},"product_cat":[17],"product_tag":[],"aioseo_notices":[],"_links":{"self":[{"href":"https:\/\/dualtron-store.com\/index.php\/wp-json\/wp\/v2\/product\/63825"}],"collection":[{"href":"https:\/\/dualtron-store.com\/index.php\/wp-json\/wp\/v2\/product"}],"about":[{"href":"https:\/\/dualtron-store.com\/index.php\/wp-json\/wp\/v2\/types\/product"}],"replies":[{"embeddable":true,"href":"https:\/\/dualtron-store.com\/index.php\/wp-json\/wp\/v2\/comments?post=63825"}],"wp:attachment":[{"href":"https:\/\/dualtron-store.com\/index.php\/wp-json\/wp\/v2\/media?parent=63825"}],"wp:term":[{"taxonomy":"product_cat","embeddable":true,"href":"https:\/\/dualtron-store.com\/index.php\/wp-json\/wp\/v2\/product_cat?post=63825"},{"taxonomy":"product_tag","embeddable":true,"href":"https:\/\/dualtron-store.com\/index.php\/wp-json\/wp\/v2\/product_tag?post=63825"}],"curies":[{"name":"wp","href":"https:\/\/api.w.org\/{rel}","templated":true}]}}