{"id":63746,"date":"2023-07-27T23:29:31","date_gmt":"2023-07-27T21:29:31","guid":{"rendered":"https:\/\/dualtron-store.com\/?post_type=product&#038;p=63746"},"modified":"2026-02-19T19:27:21","modified_gmt":"2026-02-19T18:27:21","slug":"grip-silicone-cale-pied-dualtron-mini","status":"publish","type":"product","link":"https:\/\/dualtron-store.com\/index.php\/produit\/grip-silicone-cale-pied-dualtron-mini\/","title":{"rendered":"Grip silicone cale pied Dualtron Mini"},"content":{"rendered":"","protected":false},"excerpt":{"rendered":"<p><strong>Le grip en silicone pour cale-pied Dualtron Mini<\/strong> est un accessoire con\u00e7u pour am\u00e9liorer la prise en main et la stabilit\u00e9 des cale-pieds de la trottinette \u00e9lectrique Dualtron Mini. Fabriqu\u00e9 en silicone de qualit\u00e9, ce grip offre une surface antid\u00e9rapante, assurant un maintien s\u00fbr des pieds du rider pendant la conduite.<\/p>\n","protected":false},"featured_media":83623,"comment_status":"open","ping_status":"closed","template":"","meta":{"om_disable_all_campaigns":false,"_mi_skip_tracking":false,"_monsterinsights_sitenote_active":false,"_monsterinsights_sitenote_note":"","_monsterinsights_sitenote_category":0},"product_cat":[287,18,51],"product_tag":[],"aioseo_notices":[],"_links":{"self":[{"href":"https:\/\/dualtron-store.com\/index.php\/wp-json\/wp\/v2\/product\/63746"}],"collection":[{"href":"https:\/\/dualtron-store.com\/index.php\/wp-json\/wp\/v2\/product"}],"about":[{"href":"https:\/\/dualtron-store.com\/index.php\/wp-json\/wp\/v2\/types\/product"}],"replies":[{"embeddable":true,"href":"https:\/\/dualtron-store.com\/index.php\/wp-json\/wp\/v2\/comments?post=63746"}],"wp:featuredmedia":[{"embeddable":true,"href":"https:\/\/dualtron-store.com\/index.php\/wp-json\/wp\/v2\/media\/83623"}],"wp:attachment":[{"href":"https:\/\/dualtron-store.com\/index.php\/wp-json\/wp\/v2\/media?parent=63746"}],"wp:term":[{"taxonomy":"product_cat","embeddable":true,"href":"https:\/\/dualtron-store.com\/index.php\/wp-json\/wp\/v2\/product_cat?post=63746"},{"taxonomy":"product_tag","embeddable":true,"href":"https:\/\/dualtron-store.com\/index.php\/wp-json\/wp\/v2\/product_tag?post=63746"}],"curies":[{"name":"wp","href":"https:\/\/api.w.org\/{rel}","templated":true}]}}