{"id":63257,"date":"2023-07-15T18:55:46","date_gmt":"2023-07-15T16:55:46","guid":{"rendered":"https:\/\/dualtron-store.com\/?post_type=product&#038;p=63257"},"modified":"2026-02-03T23:24:27","modified_gmt":"2026-02-03T22:24:27","slug":"ecrou-de-direction-bague-fine","status":"publish","type":"product","link":"https:\/\/dualtron-store.com\/index.php\/produit\/ecrou-de-direction-bague-fine\/","title":{"rendered":"Ecrou de direction Bague Fine"},"content":{"rendered":"","protected":false},"excerpt":{"rendered":"<p><strong>L&#8217;\u00e9crou de direction avec bague fine<\/strong> est une pi\u00e8ce essentielle pour la trottinette \u00e9lectrique, contribuant \u00e0 assurer une direction fluide et pr\u00e9cise. Con\u00e7u avec une bague fine pour une ajustabilit\u00e9 optimale, cet \u00e9crou permet de r\u00e9gler et de maintenir la stabilit\u00e9 de la direction selon les pr\u00e9f\u00e9rences du rider.<\/p>\n<p><strong>(vendu a l unit\u00e9)<\/strong><\/p>\n","protected":false},"featured_media":63258,"comment_status":"open","ping_status":"closed","template":"","meta":{"om_disable_all_campaigns":false,"_mi_skip_tracking":false,"_monsterinsights_sitenote_active":false,"_monsterinsights_sitenote_note":"","_monsterinsights_sitenote_category":0},"product_cat":[348,346,526,617,274,325,613,18],"product_tag":[],"aioseo_notices":[],"_links":{"self":[{"href":"https:\/\/dualtron-store.com\/index.php\/wp-json\/wp\/v2\/product\/63257"}],"collection":[{"href":"https:\/\/dualtron-store.com\/index.php\/wp-json\/wp\/v2\/product"}],"about":[{"href":"https:\/\/dualtron-store.com\/index.php\/wp-json\/wp\/v2\/types\/product"}],"replies":[{"embeddable":true,"href":"https:\/\/dualtron-store.com\/index.php\/wp-json\/wp\/v2\/comments?post=63257"}],"wp:featuredmedia":[{"embeddable":true,"href":"https:\/\/dualtron-store.com\/index.php\/wp-json\/wp\/v2\/media\/63258"}],"wp:attachment":[{"href":"https:\/\/dualtron-store.com\/index.php\/wp-json\/wp\/v2\/media?parent=63257"}],"wp:term":[{"taxonomy":"product_cat","embeddable":true,"href":"https:\/\/dualtron-store.com\/index.php\/wp-json\/wp\/v2\/product_cat?post=63257"},{"taxonomy":"product_tag","embeddable":true,"href":"https:\/\/dualtron-store.com\/index.php\/wp-json\/wp\/v2\/product_tag?post=63257"}],"curies":[{"name":"wp","href":"https:\/\/api.w.org\/{rel}","templated":true}]}}