{"id":62522,"date":"2023-06-30T13:36:07","date_gmt":"2023-06-30T11:36:07","guid":{"rendered":"https:\/\/dualtron-store.com\/?post_type=product&#038;p=62522"},"modified":"2024-11-20T16:56:56","modified_gmt":"2024-11-20T15:56:56","slug":"chiffon-de-nettoyage-en-microfibre-arexons-24dm2-49x49cm","status":"publish","type":"product","link":"https:\/\/dualtron-store.com\/index.php\/produit\/chiffon-de-nettoyage-en-microfibre-arexons-24dm2-49x49cm\/","title":{"rendered":"Chiffon de nettoyage en microfibre AREXONS 24dm2 49x49cm"},"content":{"rendered":"","protected":false},"excerpt":{"rendered":"<p>Super pouvoir absorbant. Id\u00e9al pour <strong>nettoyer et s\u00e9cher<\/strong> le ch\u00e2ssis de votre trottinette, les poign\u00e9es de guidon et les pi\u00e8ces en plastique.<\/p>\n<ul>\n<li>Capacit\u00e9 d&#8217;absorption : 24dm<sup>2<\/sup><\/li>\n<li>Taille du chiffon : 49x49cm<\/li>\n<\/ul>\n","protected":false},"featured_media":0,"comment_status":"open","ping_status":"closed","template":"","meta":{"om_disable_all_campaigns":false,"_mi_skip_tracking":false,"_monsterinsights_sitenote_active":false,"_monsterinsights_sitenote_note":"","_monsterinsights_sitenote_category":0},"product_cat":[18],"product_tag":[],"aioseo_notices":[],"_links":{"self":[{"href":"https:\/\/dualtron-store.com\/index.php\/wp-json\/wp\/v2\/product\/62522"}],"collection":[{"href":"https:\/\/dualtron-store.com\/index.php\/wp-json\/wp\/v2\/product"}],"about":[{"href":"https:\/\/dualtron-store.com\/index.php\/wp-json\/wp\/v2\/types\/product"}],"replies":[{"embeddable":true,"href":"https:\/\/dualtron-store.com\/index.php\/wp-json\/wp\/v2\/comments?post=62522"}],"wp:attachment":[{"href":"https:\/\/dualtron-store.com\/index.php\/wp-json\/wp\/v2\/media?parent=62522"}],"wp:term":[{"taxonomy":"product_cat","embeddable":true,"href":"https:\/\/dualtron-store.com\/index.php\/wp-json\/wp\/v2\/product_cat?post=62522"},{"taxonomy":"product_tag","embeddable":true,"href":"https:\/\/dualtron-store.com\/index.php\/wp-json\/wp\/v2\/product_tag?post=62522"}],"curies":[{"name":"wp","href":"https:\/\/api.w.org\/{rel}","templated":true}]}}