{"id":62520,"date":"2023-06-30T13:28:45","date_gmt":"2023-06-30T11:28:45","guid":{"rendered":"https:\/\/dualtron-store.com\/?post_type=product&#038;p=62520"},"modified":"2025-09-07T17:17:55","modified_gmt":"2025-09-07T15:17:55","slug":"nettoyant-impermeabilisant-weldtite-250ml-avec-2-chiffons-microfibres","status":"publish","type":"product","link":"https:\/\/dualtron-store.com\/index.php\/produit\/nettoyant-impermeabilisant-weldtite-250ml-avec-2-chiffons-microfibres\/","title":{"rendered":"Nettoyant \/ imperm\u00e9abilisant WELDTITE 250ml avec 2 chiffons microfibres"},"content":{"rendered":"","protected":false},"excerpt":{"rendered":"<p>Rapid Ceramic Shield est con\u00e7u pour une protection hydrophobe dans les conditions les plus difficiles. Une protection et une durabilit\u00e9 in\u00e9gal\u00e9es garanties pour que l&#8217;eau, la boue, la s\u00e8ve des arbres et les huiles glissent sur le cadre, gardant votre trottinette propre et prot\u00e9g\u00e9 plus longtemps.<\/p>\n<p>Rapid Ceramic Shield <strong>prot\u00e8ge le ch\u00e2ssis<\/strong> en remplissant les nano-imperfections de la laque ou de la couche sup\u00e9rieure, cr\u00e9ant un <strong>rev\u00eatement hydrophobe lisse, solide et durable<\/strong>.<\/p>\n<p>UTILISATION : Vaporisez Rapid Ceramic Shield sur le chiffon gris \u00e0 poils courts (mouillez d&#8217;abord le chiffon pour de meilleurs r\u00e9sultats). Essuyez le ch\u00e2ssis de votre trottinette en \u00e9vitant tout contact avec les disques et autres services de freinage. Puis utilisez le buff cadre (lingette noire) avec un tissu \u00e0 poils longs de qualit\u00e9 sup\u00e9rieure. R\u00e9p\u00e9tez le processus entre les trajets pour de meilleurs r\u00e9sultats.<\/p>\n","protected":false},"featured_media":84573,"comment_status":"open","ping_status":"closed","template":"","meta":{"om_disable_all_campaigns":false,"_mi_skip_tracking":false,"_monsterinsights_sitenote_active":false,"_monsterinsights_sitenote_note":"","_monsterinsights_sitenote_category":0},"product_cat":[18],"product_tag":[],"aioseo_notices":[],"_links":{"self":[{"href":"https:\/\/dualtron-store.com\/index.php\/wp-json\/wp\/v2\/product\/62520"}],"collection":[{"href":"https:\/\/dualtron-store.com\/index.php\/wp-json\/wp\/v2\/product"}],"about":[{"href":"https:\/\/dualtron-store.com\/index.php\/wp-json\/wp\/v2\/types\/product"}],"replies":[{"embeddable":true,"href":"https:\/\/dualtron-store.com\/index.php\/wp-json\/wp\/v2\/comments?post=62520"}],"wp:featuredmedia":[{"embeddable":true,"href":"https:\/\/dualtron-store.com\/index.php\/wp-json\/wp\/v2\/media\/84573"}],"wp:attachment":[{"href":"https:\/\/dualtron-store.com\/index.php\/wp-json\/wp\/v2\/media?parent=62520"}],"wp:term":[{"taxonomy":"product_cat","embeddable":true,"href":"https:\/\/dualtron-store.com\/index.php\/wp-json\/wp\/v2\/product_cat?post=62520"},{"taxonomy":"product_tag","embeddable":true,"href":"https:\/\/dualtron-store.com\/index.php\/wp-json\/wp\/v2\/product_tag?post=62520"}],"curies":[{"name":"wp","href":"https:\/\/api.w.org\/{rel}","templated":true}]}}