{"id":62378,"date":"2023-06-28T19:09:17","date_gmt":"2023-06-28T17:09:17","guid":{"rendered":"https:\/\/dualtron-store.com\/?post_type=product&#038;p=62378"},"modified":"2023-11-10T23:18:30","modified_gmt":"2023-11-10T22:18:30","slug":"paire-de-poignees-progrip-989","status":"publish","type":"product","link":"https:\/\/dualtron-store.com\/index.php\/produit\/paire-de-poignees-progrip-989\/","title":{"rendered":"Paire de poign\u00e9es PROGRIP 989"},"content":{"rendered":"","protected":false},"excerpt":{"rendered":"<p>Le compos\u00e9 sp\u00e9cial Progrip et les poign\u00e9es larges avec plus de caoutchouc aident \u00e0 <strong>r\u00e9duire les vibrations<\/strong>. Poign\u00e9es \u00e9tudi\u00e9es sp\u00e9cialement pour les changements de vitesse. Elles vous procurent un <strong>tr\u00e8s grand confort<\/strong> sur votre v\u00e9lo de ville.<\/p>\n<ul>\n<li>Longueur 120mm<\/li>\n<li>Diam\u00e8tre 22mm<\/li>\n<\/ul>\n","protected":false},"featured_media":0,"comment_status":"open","ping_status":"closed","template":"","meta":{"om_disable_all_campaigns":false,"_mi_skip_tracking":false,"_monsterinsights_sitenote_active":false,"_monsterinsights_sitenote_note":"","_monsterinsights_sitenote_category":0},"product_cat":[17],"product_tag":[],"aioseo_notices":[],"_links":{"self":[{"href":"https:\/\/dualtron-store.com\/index.php\/wp-json\/wp\/v2\/product\/62378"}],"collection":[{"href":"https:\/\/dualtron-store.com\/index.php\/wp-json\/wp\/v2\/product"}],"about":[{"href":"https:\/\/dualtron-store.com\/index.php\/wp-json\/wp\/v2\/types\/product"}],"replies":[{"embeddable":true,"href":"https:\/\/dualtron-store.com\/index.php\/wp-json\/wp\/v2\/comments?post=62378"}],"wp:attachment":[{"href":"https:\/\/dualtron-store.com\/index.php\/wp-json\/wp\/v2\/media?parent=62378"}],"wp:term":[{"taxonomy":"product_cat","embeddable":true,"href":"https:\/\/dualtron-store.com\/index.php\/wp-json\/wp\/v2\/product_cat?post=62378"},{"taxonomy":"product_tag","embeddable":true,"href":"https:\/\/dualtron-store.com\/index.php\/wp-json\/wp\/v2\/product_tag?post=62378"}],"curies":[{"name":"wp","href":"https:\/\/api.w.org\/{rel}","templated":true}]}}