{"id":62031,"date":"2023-06-22T00:00:58","date_gmt":"2023-06-21T22:00:58","guid":{"rendered":"https:\/\/dualtron-store.com\/?post_type=product&#038;p=62031"},"modified":"2026-01-28T01:02:06","modified_gmt":"2026-01-28T00:02:06","slug":"garde-boue-arriere-dualtron-city-sans-led","status":"publish","type":"product","link":"https:\/\/dualtron-store.com\/index.php\/produit\/garde-boue-arriere-dualtron-city-sans-led\/","title":{"rendered":"Garde boue arri\u00e8re Dualtron City sans led"},"content":{"rendered":"","protected":false},"excerpt":{"rendered":"<p>Garde-boue arri\u00e8re pour Dualtron, simple et fonctionnel, offrant une protection efficace contre les projections sans LED int\u00e9gr\u00e9es.<\/p>\n","protected":false},"featured_media":62032,"comment_status":"open","ping_status":"closed","template":"","meta":{"om_disable_all_campaigns":false,"_mi_skip_tracking":false,"_monsterinsights_sitenote_active":false,"_monsterinsights_sitenote_note":"","_monsterinsights_sitenote_category":0},"product_cat":[345,51],"product_tag":[],"aioseo_notices":[],"_links":{"self":[{"href":"https:\/\/dualtron-store.com\/index.php\/wp-json\/wp\/v2\/product\/62031"}],"collection":[{"href":"https:\/\/dualtron-store.com\/index.php\/wp-json\/wp\/v2\/product"}],"about":[{"href":"https:\/\/dualtron-store.com\/index.php\/wp-json\/wp\/v2\/types\/product"}],"replies":[{"embeddable":true,"href":"https:\/\/dualtron-store.com\/index.php\/wp-json\/wp\/v2\/comments?post=62031"}],"wp:featuredmedia":[{"embeddable":true,"href":"https:\/\/dualtron-store.com\/index.php\/wp-json\/wp\/v2\/media\/62032"}],"wp:attachment":[{"href":"https:\/\/dualtron-store.com\/index.php\/wp-json\/wp\/v2\/media?parent=62031"}],"wp:term":[{"taxonomy":"product_cat","embeddable":true,"href":"https:\/\/dualtron-store.com\/index.php\/wp-json\/wp\/v2\/product_cat?post=62031"},{"taxonomy":"product_tag","embeddable":true,"href":"https:\/\/dualtron-store.com\/index.php\/wp-json\/wp\/v2\/product_tag?post=62031"}],"curies":[{"name":"wp","href":"https:\/\/api.w.org\/{rel}","templated":true}]}}