{"id":62029,"date":"2023-06-21T23:55:46","date_gmt":"2023-06-21T21:55:46","guid":{"rendered":"https:\/\/dualtron-store.com\/?post_type=product&#038;p=62029"},"modified":"2024-09-14T12:18:30","modified_gmt":"2024-09-14T10:18:30","slug":"support-gauche-controleur-dualtron-storm","status":"publish","type":"product","link":"https:\/\/dualtron-store.com\/index.php\/produit\/support-gauche-controleur-dualtron-storm\/","title":{"rendered":"Support gauche controleur Dualtron Storm"},"content":{"rendered":"","protected":false},"excerpt":{"rendered":"<p>Le support gauche de contr\u00f4leur Dualtron Storm est une pi\u00e8ce de rechange essentielle pour assurer le bon fonctionnement de votre trottinette \u00e9lectrique Dualtron Storm.<\/p>\n","protected":false},"featured_media":62030,"comment_status":"open","ping_status":"closed","template":"","meta":{"om_disable_all_campaigns":false,"_mi_skip_tracking":false,"_monsterinsights_sitenote_active":false,"_monsterinsights_sitenote_note":"","_monsterinsights_sitenote_category":0},"product_cat":[272,18],"product_tag":[],"aioseo_notices":[],"_links":{"self":[{"href":"https:\/\/dualtron-store.com\/index.php\/wp-json\/wp\/v2\/product\/62029"}],"collection":[{"href":"https:\/\/dualtron-store.com\/index.php\/wp-json\/wp\/v2\/product"}],"about":[{"href":"https:\/\/dualtron-store.com\/index.php\/wp-json\/wp\/v2\/types\/product"}],"replies":[{"embeddable":true,"href":"https:\/\/dualtron-store.com\/index.php\/wp-json\/wp\/v2\/comments?post=62029"}],"wp:featuredmedia":[{"embeddable":true,"href":"https:\/\/dualtron-store.com\/index.php\/wp-json\/wp\/v2\/media\/62030"}],"wp:attachment":[{"href":"https:\/\/dualtron-store.com\/index.php\/wp-json\/wp\/v2\/media?parent=62029"}],"wp:term":[{"taxonomy":"product_cat","embeddable":true,"href":"https:\/\/dualtron-store.com\/index.php\/wp-json\/wp\/v2\/product_cat?post=62029"},{"taxonomy":"product_tag","embeddable":true,"href":"https:\/\/dualtron-store.com\/index.php\/wp-json\/wp\/v2\/product_tag?post=62029"}],"curies":[{"name":"wp","href":"https:\/\/api.w.org\/{rel}","templated":true}]}}