{"id":62021,"date":"2023-06-21T23:45:40","date_gmt":"2023-06-21T21:45:40","guid":{"rendered":"https:\/\/dualtron-store.com\/?post_type=product&#038;p=62021"},"modified":"2025-03-24T13:59:37","modified_gmt":"2025-03-24T12:59:37","slug":"colonne-de-direction-blade-x","status":"publish","type":"product","link":"https:\/\/dualtron-store.com\/index.php\/produit\/colonne-de-direction-blade-x\/","title":{"rendered":"Colonne de direction Blade X"},"content":{"rendered":"","protected":false},"excerpt":{"rendered":"<p>La colonne de direction Blade X est une pi\u00e8ce de rechange essentielle pour maintenir la stabilit\u00e9 et la fonctionnalit\u00e9 de votre trottinette \u00e9lectrique Blade X.<\/p>\n","protected":false},"featured_media":62048,"comment_status":"open","ping_status":"closed","template":"","meta":{"om_disable_all_campaigns":false,"_mi_skip_tracking":false,"_monsterinsights_sitenote_active":false,"_monsterinsights_sitenote_note":"","_monsterinsights_sitenote_category":0},"product_cat":[18],"product_tag":[],"aioseo_notices":[],"_links":{"self":[{"href":"https:\/\/dualtron-store.com\/index.php\/wp-json\/wp\/v2\/product\/62021"}],"collection":[{"href":"https:\/\/dualtron-store.com\/index.php\/wp-json\/wp\/v2\/product"}],"about":[{"href":"https:\/\/dualtron-store.com\/index.php\/wp-json\/wp\/v2\/types\/product"}],"replies":[{"embeddable":true,"href":"https:\/\/dualtron-store.com\/index.php\/wp-json\/wp\/v2\/comments?post=62021"}],"wp:featuredmedia":[{"embeddable":true,"href":"https:\/\/dualtron-store.com\/index.php\/wp-json\/wp\/v2\/media\/62048"}],"wp:attachment":[{"href":"https:\/\/dualtron-store.com\/index.php\/wp-json\/wp\/v2\/media?parent=62021"}],"wp:term":[{"taxonomy":"product_cat","embeddable":true,"href":"https:\/\/dualtron-store.com\/index.php\/wp-json\/wp\/v2\/product_cat?post=62021"},{"taxonomy":"product_tag","embeddable":true,"href":"https:\/\/dualtron-store.com\/index.php\/wp-json\/wp\/v2\/product_tag?post=62021"}],"curies":[{"name":"wp","href":"https:\/\/api.w.org\/{rel}","templated":true}]}}