{"id":62016,"date":"2023-06-21T23:39:10","date_gmt":"2023-06-21T21:39:10","guid":{"rendered":"https:\/\/dualtron-store.com\/?post_type=product&#038;p=62016"},"modified":"2024-06-13T15:13:39","modified_gmt":"2024-06-13T13:13:39","slug":"grip-caoutchouc-daultron-city","status":"publish","type":"product","link":"https:\/\/dualtron-store.com\/index.php\/produit\/grip-caoutchouc-daultron-city\/","title":{"rendered":"Grip caoutchouc Dualtron City"},"content":{"rendered":"","protected":false},"excerpt":{"rendered":"<p>Le Grip en Caoutchouc Dualtron City : Votre partenaire ultime pour une adh\u00e9rence maximale et un confort in\u00e9gal\u00e9 lors de vos trajets en trottinette \u00e9lectrique Dualtron.<\/p>\n","protected":false},"featured_media":62017,"comment_status":"open","ping_status":"closed","template":"","meta":{"om_disable_all_campaigns":false,"_mi_skip_tracking":false,"_monsterinsights_sitenote_active":false,"_monsterinsights_sitenote_note":"","_monsterinsights_sitenote_category":0},"product_cat":[345,18,51],"product_tag":[],"aioseo_notices":[],"_links":{"self":[{"href":"https:\/\/dualtron-store.com\/index.php\/wp-json\/wp\/v2\/product\/62016"}],"collection":[{"href":"https:\/\/dualtron-store.com\/index.php\/wp-json\/wp\/v2\/product"}],"about":[{"href":"https:\/\/dualtron-store.com\/index.php\/wp-json\/wp\/v2\/types\/product"}],"replies":[{"embeddable":true,"href":"https:\/\/dualtron-store.com\/index.php\/wp-json\/wp\/v2\/comments?post=62016"}],"wp:featuredmedia":[{"embeddable":true,"href":"https:\/\/dualtron-store.com\/index.php\/wp-json\/wp\/v2\/media\/62017"}],"wp:attachment":[{"href":"https:\/\/dualtron-store.com\/index.php\/wp-json\/wp\/v2\/media?parent=62016"}],"wp:term":[{"taxonomy":"product_cat","embeddable":true,"href":"https:\/\/dualtron-store.com\/index.php\/wp-json\/wp\/v2\/product_cat?post=62016"},{"taxonomy":"product_tag","embeddable":true,"href":"https:\/\/dualtron-store.com\/index.php\/wp-json\/wp\/v2\/product_tag?post=62016"}],"curies":[{"name":"wp","href":"https:\/\/api.w.org\/{rel}","templated":true}]}}