{"id":62013,"date":"2023-06-21T23:34:27","date_gmt":"2023-06-21T21:34:27","guid":{"rendered":"https:\/\/dualtron-store.com\/?post_type=product&#038;p=62013"},"modified":"2025-09-17T19:08:50","modified_gmt":"2025-09-17T17:08:50","slug":"garde-boue-arriere-dualtron-city","status":"publish","type":"product","link":"https:\/\/dualtron-store.com\/index.php\/produit\/garde-boue-arriere-dualtron-city\/","title":{"rendered":"Garde boue arri\u00e8re Dualtron City"},"content":{"rendered":"","protected":false},"excerpt":{"rendered":"<p>Une protection essentielle contre les \u00e9claboussures et la salet\u00e9 pour garder votre trottinette \u00e9lectrique Dualtron City propre et pr\u00eate \u00e0 rouler en toute \u00e9l\u00e9gance.<\/p>\n","protected":false},"featured_media":62014,"comment_status":"open","ping_status":"closed","template":"","meta":{"om_disable_all_campaigns":false,"_mi_skip_tracking":false,"_monsterinsights_sitenote_active":false,"_monsterinsights_sitenote_note":"","_monsterinsights_sitenote_category":0},"product_cat":[345,18,51],"product_tag":[],"aioseo_notices":[],"_links":{"self":[{"href":"https:\/\/dualtron-store.com\/index.php\/wp-json\/wp\/v2\/product\/62013"}],"collection":[{"href":"https:\/\/dualtron-store.com\/index.php\/wp-json\/wp\/v2\/product"}],"about":[{"href":"https:\/\/dualtron-store.com\/index.php\/wp-json\/wp\/v2\/types\/product"}],"replies":[{"embeddable":true,"href":"https:\/\/dualtron-store.com\/index.php\/wp-json\/wp\/v2\/comments?post=62013"}],"wp:featuredmedia":[{"embeddable":true,"href":"https:\/\/dualtron-store.com\/index.php\/wp-json\/wp\/v2\/media\/62014"}],"wp:attachment":[{"href":"https:\/\/dualtron-store.com\/index.php\/wp-json\/wp\/v2\/media?parent=62013"}],"wp:term":[{"taxonomy":"product_cat","embeddable":true,"href":"https:\/\/dualtron-store.com\/index.php\/wp-json\/wp\/v2\/product_cat?post=62013"},{"taxonomy":"product_tag","embeddable":true,"href":"https:\/\/dualtron-store.com\/index.php\/wp-json\/wp\/v2\/product_tag?post=62013"}],"curies":[{"name":"wp","href":"https:\/\/api.w.org\/{rel}","templated":true}]}}