{"id":62011,"date":"2023-06-21T23:32:41","date_gmt":"2023-06-21T21:32:41","guid":{"rendered":"https:\/\/dualtron-store.com\/?post_type=product&#038;p=62011"},"modified":"2025-12-22T13:27:06","modified_gmt":"2025-12-22T12:27:06","slug":"garde-boue-avant-duatron-city","status":"publish","type":"product","link":"https:\/\/dualtron-store.com\/index.php\/produit\/garde-boue-avant-duatron-city\/","title":{"rendered":"Garde boue avant Duatron City"},"content":{"rendered":"","protected":false},"excerpt":{"rendered":"<p>Une solution \u00e9l\u00e9gante et efficace pour pr\u00e9server votre trottinette \u00e9lectrique Dualtron City des \u00e9claboussures et des \u00e9l\u00e9ments ext\u00e9rieurs tout en maintenant un look urbain chic.<\/p>\n","protected":false},"featured_media":62012,"comment_status":"open","ping_status":"closed","template":"","meta":{"om_disable_all_campaigns":false,"_mi_skip_tracking":false,"_monsterinsights_sitenote_active":false,"_monsterinsights_sitenote_note":"","_monsterinsights_sitenote_category":0},"product_cat":[345,18,51],"product_tag":[],"aioseo_notices":[],"_links":{"self":[{"href":"https:\/\/dualtron-store.com\/index.php\/wp-json\/wp\/v2\/product\/62011"}],"collection":[{"href":"https:\/\/dualtron-store.com\/index.php\/wp-json\/wp\/v2\/product"}],"about":[{"href":"https:\/\/dualtron-store.com\/index.php\/wp-json\/wp\/v2\/types\/product"}],"replies":[{"embeddable":true,"href":"https:\/\/dualtron-store.com\/index.php\/wp-json\/wp\/v2\/comments?post=62011"}],"wp:featuredmedia":[{"embeddable":true,"href":"https:\/\/dualtron-store.com\/index.php\/wp-json\/wp\/v2\/media\/62012"}],"wp:attachment":[{"href":"https:\/\/dualtron-store.com\/index.php\/wp-json\/wp\/v2\/media?parent=62011"}],"wp:term":[{"taxonomy":"product_cat","embeddable":true,"href":"https:\/\/dualtron-store.com\/index.php\/wp-json\/wp\/v2\/product_cat?post=62011"},{"taxonomy":"product_tag","embeddable":true,"href":"https:\/\/dualtron-store.com\/index.php\/wp-json\/wp\/v2\/product_tag?post=62011"}],"curies":[{"name":"wp","href":"https:\/\/api.w.org\/{rel}","templated":true}]}}