{"id":61990,"date":"2023-06-21T23:01:41","date_gmt":"2023-06-21T21:01:41","guid":{"rendered":"https:\/\/dualtron-store.com\/?post_type=product&#038;p=61990"},"modified":"2025-02-02T17:56:33","modified_gmt":"2025-02-02T16:56:33","slug":"bras-avant-gauche-blade-x","status":"publish","type":"product","link":"https:\/\/dualtron-store.com\/index.php\/produit\/bras-avant-gauche-blade-x\/","title":{"rendered":"Bras avant gauche Blade X"},"content":{"rendered":"","protected":false},"excerpt":{"rendered":"<p>Le bras avant gauche Blade X est une pi\u00e8ce de rechange sp\u00e9cialement con\u00e7ue pour la trottinette \u00e9lectrique Blade X. Il assure une fixation solide de la roue avant gauche, garantissant ainsi la stabilit\u00e9 et la s\u00e9curit\u00e9 de votre trottinette. Cette pi\u00e8ce est essentielle pour maintenir les performances de votre Blade X et assurer des trajets en toute confiance.<\/p>\n","protected":false},"featured_media":61991,"comment_status":"open","ping_status":"closed","template":"","meta":{"om_disable_all_campaigns":false,"_mi_skip_tracking":false,"_monsterinsights_sitenote_active":false,"_monsterinsights_sitenote_note":"","_monsterinsights_sitenote_category":0},"product_cat":[18],"product_tag":[],"aioseo_notices":[],"_links":{"self":[{"href":"https:\/\/dualtron-store.com\/index.php\/wp-json\/wp\/v2\/product\/61990"}],"collection":[{"href":"https:\/\/dualtron-store.com\/index.php\/wp-json\/wp\/v2\/product"}],"about":[{"href":"https:\/\/dualtron-store.com\/index.php\/wp-json\/wp\/v2\/types\/product"}],"replies":[{"embeddable":true,"href":"https:\/\/dualtron-store.com\/index.php\/wp-json\/wp\/v2\/comments?post=61990"}],"wp:featuredmedia":[{"embeddable":true,"href":"https:\/\/dualtron-store.com\/index.php\/wp-json\/wp\/v2\/media\/61991"}],"wp:attachment":[{"href":"https:\/\/dualtron-store.com\/index.php\/wp-json\/wp\/v2\/media?parent=61990"}],"wp:term":[{"taxonomy":"product_cat","embeddable":true,"href":"https:\/\/dualtron-store.com\/index.php\/wp-json\/wp\/v2\/product_cat?post=61990"},{"taxonomy":"product_tag","embeddable":true,"href":"https:\/\/dualtron-store.com\/index.php\/wp-json\/wp\/v2\/product_tag?post=61990"}],"curies":[{"name":"wp","href":"https:\/\/api.w.org\/{rel}","templated":true}]}}