{"id":61983,"date":"2023-06-21T22:53:33","date_gmt":"2023-06-21T20:53:33","guid":{"rendered":"https:\/\/dualtron-store.com\/?post_type=product&#038;p=61983"},"modified":"2024-01-23T11:46:48","modified_gmt":"2024-01-23T10:46:48","slug":"suspension-avant-rovoron-kullter","status":"publish","type":"product","link":"https:\/\/dualtron-store.com\/index.php\/produit\/suspension-avant-rovoron-kullter\/","title":{"rendered":"Suspension avant Rovoron Kullter"},"content":{"rendered":"","protected":false},"excerpt":{"rendered":"<p>La <strong>suspension avant Rovoron Kullter<\/strong> est un essentiel pour les trottinettes \u00e9lectriques, garantissant un confort et une stabilit\u00e9 am\u00e9lior\u00e9e. \u00c0 noter : cet article est <strong>vendu \u00e0 l&#8217;unit\u00e9.<\/strong><\/p>\n","protected":false},"featured_media":61984,"comment_status":"open","ping_status":"closed","template":"","meta":{"om_disable_all_campaigns":false,"_mi_skip_tracking":false,"_monsterinsights_sitenote_active":false,"_monsterinsights_sitenote_note":"","_monsterinsights_sitenote_category":0},"product_cat":[18],"product_tag":[],"aioseo_notices":[],"_links":{"self":[{"href":"https:\/\/dualtron-store.com\/index.php\/wp-json\/wp\/v2\/product\/61983"}],"collection":[{"href":"https:\/\/dualtron-store.com\/index.php\/wp-json\/wp\/v2\/product"}],"about":[{"href":"https:\/\/dualtron-store.com\/index.php\/wp-json\/wp\/v2\/types\/product"}],"replies":[{"embeddable":true,"href":"https:\/\/dualtron-store.com\/index.php\/wp-json\/wp\/v2\/comments?post=61983"}],"wp:featuredmedia":[{"embeddable":true,"href":"https:\/\/dualtron-store.com\/index.php\/wp-json\/wp\/v2\/media\/61984"}],"wp:attachment":[{"href":"https:\/\/dualtron-store.com\/index.php\/wp-json\/wp\/v2\/media?parent=61983"}],"wp:term":[{"taxonomy":"product_cat","embeddable":true,"href":"https:\/\/dualtron-store.com\/index.php\/wp-json\/wp\/v2\/product_cat?post=61983"},{"taxonomy":"product_tag","embeddable":true,"href":"https:\/\/dualtron-store.com\/index.php\/wp-json\/wp\/v2\/product_tag?post=61983"}],"curies":[{"name":"wp","href":"https:\/\/api.w.org\/{rel}","templated":true}]}}