{"id":61968,"date":"2023-06-21T22:38:56","date_gmt":"2023-06-21T20:38:56","guid":{"rendered":"https:\/\/dualtron-store.com\/?post_type=product&#038;p=61968"},"modified":"2025-09-17T18:23:10","modified_gmt":"2025-09-17T16:23:10","slug":"joint-d-etancheite","status":"publish","type":"product","link":"https:\/\/dualtron-store.com\/index.php\/produit\/joint-d-etancheite\/","title":{"rendered":"Joint d&#8217;\u00e9tanch\u00e9it\u00e9 de deck Dualtron Victor"},"content":{"rendered":"","protected":false},"excerpt":{"rendered":"<p>Joint d \u00e9tanch\u00e9it\u00e9 de deck Dualtron Victor, Victor Luxury.<\/p>\n<p>Non compatible Dualtron Victor Luxury Plus.<\/p>\n","protected":false},"featured_media":84491,"comment_status":"open","ping_status":"closed","template":"","meta":{"om_disable_all_campaigns":false,"_mi_skip_tracking":false,"_monsterinsights_sitenote_active":false,"_monsterinsights_sitenote_note":"","_monsterinsights_sitenote_category":0},"product_cat":[346,325,613,18],"product_tag":[],"aioseo_notices":[],"_links":{"self":[{"href":"https:\/\/dualtron-store.com\/index.php\/wp-json\/wp\/v2\/product\/61968"}],"collection":[{"href":"https:\/\/dualtron-store.com\/index.php\/wp-json\/wp\/v2\/product"}],"about":[{"href":"https:\/\/dualtron-store.com\/index.php\/wp-json\/wp\/v2\/types\/product"}],"replies":[{"embeddable":true,"href":"https:\/\/dualtron-store.com\/index.php\/wp-json\/wp\/v2\/comments?post=61968"}],"wp:featuredmedia":[{"embeddable":true,"href":"https:\/\/dualtron-store.com\/index.php\/wp-json\/wp\/v2\/media\/84491"}],"wp:attachment":[{"href":"https:\/\/dualtron-store.com\/index.php\/wp-json\/wp\/v2\/media?parent=61968"}],"wp:term":[{"taxonomy":"product_cat","embeddable":true,"href":"https:\/\/dualtron-store.com\/index.php\/wp-json\/wp\/v2\/product_cat?post=61968"},{"taxonomy":"product_tag","embeddable":true,"href":"https:\/\/dualtron-store.com\/index.php\/wp-json\/wp\/v2\/product_tag?post=61968"}],"curies":[{"name":"wp","href":"https:\/\/api.w.org\/{rel}","templated":true}]}}